{"id":3882,"date":"2023-12-21T13:57:33","date_gmt":"2023-12-21T12:57:33","guid":{"rendered":"https:\/\/salut360.online\/contacto-salut-360\/"},"modified":"2026-03-08T17:59:46","modified_gmt":"2026-03-08T16:59:46","slug":"contacto-salut-360-quiropractica","status":"publish","type":"page","link":"https:\/\/salut360.com\/es\/contacto-salut-360-quiropractica\/","title":{"rendered":"Contacto Salut 360 Quiropr\u00e0ctic"},"content":{"rendered":"\t\t<div data-elementor-type=\"wp-page\" data-elementor-id=\"3882\" class=\"elementor elementor-3882 elementor-3422\" data-elementor-post-type=\"page\">\n\t\t\t\t\t\t<section class=\"elementor-section elementor-top-section elementor-element elementor-element-12ee35ad elementor-section-height-min-height elementor-section-content-middle elementor-section-stretched elementor-section-boxed elementor-section-height-default elementor-section-items-middle\" data-id=\"12ee35ad\" data-element_type=\"section\" data-settings=\"{&quot;background_background&quot;:&quot;classic&quot;,&quot;stretch_section&quot;:&quot;section-stretched&quot;}\">\n\t\t\t\t\t\t\t<div class=\"elementor-background-overlay\"><\/div>\n\t\t\t\t\t\t\t<div class=\"elementor-container elementor-column-gap-default\">\n\t\t\t\t\t<div class=\"elementor-column elementor-col-100 elementor-top-column elementor-element elementor-element-4ccddb83\" data-id=\"4ccddb83\" data-element_type=\"column\">\n\t\t\t<div class=\"elementor-widget-wrap elementor-element-populated\">\n\t\t\t\t\t\t<div class=\"elementor-element elementor-element-7a022ebb elementor-widget elementor-widget-heading\" data-id=\"7a022ebb\" data-element_type=\"widget\" data-widget_type=\"heading.default\">\n\t\t\t\t<div class=\"elementor-widget-container\">\n\t\t\t\t\t<h1 class=\"elementor-heading-title elementor-size-default\">CONTACTO SALUT 360 QUIROPR\u00c0CTIC <br>ESTAMOS AQU\u00cd PARA TI<\/h1>\t\t\t\t<\/div>\n\t\t\t\t<\/div>\n\t\t\t\t<div class=\"elementor-element elementor-element-22b3c6eb elementor-widget elementor-widget-text-editor\" data-id=\"22b3c6eb\" data-element_type=\"widget\" data-widget_type=\"text-editor.default\">\n\t\t\t\t<div class=\"elementor-widget-container\">\n\t\t\t\t\t\t\t\t\t<p>Equipo de Salut 360\u00ba Quiropr\u00e0ctic<\/p>\n\t\t\t\t\t\t\t\t<\/div>\n\t\t\t\t<\/div>\n\t\t\t\t\t<\/div>\n\t\t<\/div>\n\t\t\t\t\t<\/div>\n\t\t<\/section>\n\t\t\t\t<section class=\"elementor-section elementor-top-section elementor-element elementor-element-7919316b elementor-section-stretched elementor-section-boxed elementor-section-height-default elementor-section-height-default\" data-id=\"7919316b\" data-element_type=\"section\" data-settings=\"{&quot;stretch_section&quot;:&quot;section-stretched&quot;,&quot;background_background&quot;:&quot;classic&quot;}\">\n\t\t\t\t\t\t<div class=\"elementor-container elementor-column-gap-wide\">\n\t\t\t\t\t<div class=\"elementor-column elementor-col-50 elementor-top-column elementor-element elementor-element-1e6f7453\" data-id=\"1e6f7453\" data-element_type=\"column\">\n\t\t\t<div class=\"elementor-widget-wrap elementor-element-populated\">\n\t\t\t\t\t\t<div class=\"elementor-element elementor-element-52c6b8b5 elementor-widget elementor-widget-qt-custom-heading\" data-id=\"52c6b8b5\" data-element_type=\"widget\" data-widget_type=\"qt-custom-heading.default\">\n\t\t\t\t<div class=\"elementor-widget-container\">\n\t\t\t\t\t\n        <div class=\"custom__heading \">\n\n            \n                            <h2 class=\"heading\">\u00bfC\u00f3mo puedes contactar con nosotros?<\/h2>\n            \n        <\/div>\n        \n    \t\t\t\t<\/div>\n\t\t\t\t<\/div>\n\t\t\t\t<section class=\"elementor-section elementor-inner-section elementor-element elementor-element-46f364ae elementor-section-boxed elementor-section-height-default elementor-section-height-default\" data-id=\"46f364ae\" data-element_type=\"section\">\n\t\t\t\t\t\t<div class=\"elementor-container elementor-column-gap-extended\">\n\t\t\t\t\t<div class=\"elementor-column elementor-col-50 elementor-inner-column elementor-element elementor-element-15c6802d\" data-id=\"15c6802d\" data-element_type=\"column\">\n\t\t\t<div class=\"elementor-widget-wrap elementor-element-populated\">\n\t\t\t\t\t\t<div class=\"elementor-element elementor-element-7437ac09 elementor-widget elementor-widget-qt-icon-box\" data-id=\"7437ac09\" data-element_type=\"widget\" data-widget_type=\"qt-icon-box.default\">\n\t\t\t\t<div class=\"elementor-widget-container\">\n\t\t\t\t\t\n            <div class=\"icon__box layout__1 icon__top align__center \">\n\n        \n            \n                <div class=\"icon__box__icon\">\n                    <svg aria-hidden=\"true\" class=\"e-font-icon-svg e-fas-map-marker-alt\" viewBox=\"0 0 384 512\" xmlns=\"http:\/\/www.w3.org\/2000\/svg\"><path d=\"M172.268 501.67C26.97 291.031 0 269.413 0 192 0 85.961 85.961 0 192 0s192 85.961 192 192c0 77.413-26.97 99.031-172.268 309.67-9.535 13.774-29.93 13.773-39.464 0zM192 272c44.183 0 80-35.817 80-80s-35.817-80-80-80-80 35.817-80 80 35.817 80 80 80z\"><\/path><\/svg>                <\/div>\n\n            \n            <div class=\"icon__box__content\">\n\n                \n                    <h5 class=\"icon__box__heading\">Centros 360<\/h5>\n\n                \n                \n                    <div class=\"icon__box__description\"><p>C\/ Sant Sebasti\u00e0, 69<br \/>17200 Palafrugell<\/p>\n<p>C\/ Pompeu Fabra 7A,<br \/>17100 La Bisbal\u00a0<\/p>\n<\/div>\n\n                \n            <\/div>\n\n        <\/div>\n        \n    \t\t\t\t<\/div>\n\t\t\t\t<\/div>\n\t\t\t\t\t<\/div>\n\t\t<\/div>\n\t\t\t\t<div class=\"elementor-column elementor-col-50 elementor-inner-column elementor-element elementor-element-4f6d4a5c\" data-id=\"4f6d4a5c\" data-element_type=\"column\">\n\t\t\t<div class=\"elementor-widget-wrap elementor-element-populated\">\n\t\t\t\t\t\t<div class=\"elementor-element elementor-element-7cae7941 elementor-widget elementor-widget-qt-icon-box\" data-id=\"7cae7941\" data-element_type=\"widget\" data-widget_type=\"qt-icon-box.default\">\n\t\t\t\t<div class=\"elementor-widget-container\">\n\t\t\t\t\t\n            <div class=\"icon__box layout__1 icon__top align__center \">\n\n        \n            \n                <div class=\"icon__box__icon\">\n                    <svg aria-hidden=\"true\" class=\"e-font-icon-svg e-fas-phone-alt\" viewBox=\"0 0 512 512\" xmlns=\"http:\/\/www.w3.org\/2000\/svg\"><path d=\"M497.39 361.8l-112-48a24 24 0 0 0-28 6.9l-49.6 60.6A370.66 370.66 0 0 1 130.6 204.11l60.6-49.6a23.94 23.94 0 0 0 6.9-28l-48-112A24.16 24.16 0 0 0 122.6.61l-104 24A24 24 0 0 0 0 48c0 256.5 207.9 464 464 464a24 24 0 0 0 23.4-18.6l24-104a24.29 24.29 0 0 0-14.01-27.6z\"><\/path><\/svg>                <\/div>\n\n            \n            <div class=\"icon__box__content\">\n\n                \n                    <h5 class=\"icon__box__heading\">Tel\u00e9fonos<\/h5>\n\n                \n                \n                    <div class=\"icon__box__description\"><p>Palafrugell<br \/>\n(+34) 610 404 828<\/p>\n<p>La Bisbal<br \/>\n(+34) 623 489 717<\/p>\n<\/div>\n\n                \n            <\/div>\n\n        <\/div>\n        \n    \t\t\t\t<\/div>\n\t\t\t\t<\/div>\n\t\t\t\t\t<\/div>\n\t\t<\/div>\n\t\t\t\t\t<\/div>\n\t\t<\/section>\n\t\t\t\t<section class=\"elementor-section elementor-inner-section elementor-element elementor-element-7c33c759 elementor-section-height-min-height elementor-section-content-middle elementor-section-boxed elementor-section-height-default\" data-id=\"7c33c759\" data-element_type=\"section\">\n\t\t\t\t\t\t<div class=\"elementor-container elementor-column-gap-extended\">\n\t\t\t\t\t<div class=\"elementor-column elementor-col-50 elementor-inner-column elementor-element elementor-element-5632435e\" data-id=\"5632435e\" data-element_type=\"column\">\n\t\t\t<div class=\"elementor-widget-wrap elementor-element-populated\">\n\t\t\t\t\t\t<div class=\"elementor-element elementor-element-35ac159c elementor-widget elementor-widget-qt-icon-box\" data-id=\"35ac159c\" data-element_type=\"widget\" data-widget_type=\"qt-icon-box.default\">\n\t\t\t\t<div class=\"elementor-widget-container\">\n\t\t\t\t\t\n            <div class=\"icon__box layout__1 icon__top align__center \">\n\n        \n            \n                <div class=\"icon__box__icon\">\n                    <svg aria-hidden=\"true\" class=\"e-font-icon-svg e-fas-envelope-open\" viewBox=\"0 0 512 512\" xmlns=\"http:\/\/www.w3.org\/2000\/svg\"><path d=\"M512 464c0 26.51-21.49 48-48 48H48c-26.51 0-48-21.49-48-48V200.724a48 48 0 0 1 18.387-37.776c24.913-19.529 45.501-35.365 164.2-121.511C199.412 29.17 232.797-.347 256 .003c23.198-.354 56.596 29.172 73.413 41.433 118.687 86.137 139.303 101.995 164.2 121.512A48 48 0 0 1 512 200.724V464zm-65.666-196.605c-2.563-3.728-7.7-4.595-11.339-1.907-22.845 16.873-55.462 40.705-105.582 77.079-16.825 12.266-50.21 41.781-73.413 41.43-23.211.344-56.559-29.143-73.413-41.43-50.114-36.37-82.734-60.204-105.582-77.079-3.639-2.688-8.776-1.821-11.339 1.907l-9.072 13.196a7.998 7.998 0 0 0 1.839 10.967c22.887 16.899 55.454 40.69 105.303 76.868 20.274 14.781 56.524 47.813 92.264 47.573 35.724.242 71.961-32.771 92.263-47.573 49.85-36.179 82.418-59.97 105.303-76.868a7.998 7.998 0 0 0 1.839-10.967l-9.071-13.196z\"><\/path><\/svg>                <\/div>\n\n            \n            <div class=\"icon__box__content\">\n\n                \n                    <h5 class=\"icon__box__heading\">Email <\/h5>\n\n                \n                \n                    <div class=\"icon__box__description\"><p><strong><a href=\"mailto:info@salut360.com\">info@salut360.com<\/a><\/strong><\/p>\n<\/div>\n\n                \n            <\/div>\n\n        <\/div>\n        \n    \t\t\t\t<\/div>\n\t\t\t\t<\/div>\n\t\t\t\t\t<\/div>\n\t\t<\/div>\n\t\t\t\t<div class=\"elementor-column elementor-col-50 elementor-inner-column elementor-element elementor-element-1be2ac01\" data-id=\"1be2ac01\" data-element_type=\"column\">\n\t\t\t<div class=\"elementor-widget-wrap elementor-element-populated\">\n\t\t\t\t\t\t<div class=\"elementor-element elementor-element-3c0b3da5 elementor-widget elementor-widget-qt-icon-box\" data-id=\"3c0b3da5\" data-element_type=\"widget\" data-widget_type=\"qt-icon-box.default\">\n\t\t\t\t<div class=\"elementor-widget-container\">\n\t\t\t\t\t\n            <div class=\"icon__box layout__1 icon__top align__center \">\n\n        \n            \n                <div class=\"icon__box__icon\">\n                    <svg aria-hidden=\"true\" class=\"e-font-icon-svg e-fas-clock\" viewBox=\"0 0 512 512\" xmlns=\"http:\/\/www.w3.org\/2000\/svg\"><path d=\"M256,8C119,8,8,119,8,256S119,504,256,504,504,393,504,256,393,8,256,8Zm92.49,313h0l-20,25a16,16,0,0,1-22.49,2.5h0l-67-49.72a40,40,0,0,1-15-31.23V112a16,16,0,0,1,16-16h32a16,16,0,0,1,16,16V256l58,42.5A16,16,0,0,1,348.49,321Z\"><\/path><\/svg>                <\/div>\n\n            \n            <div class=\"icon__box__content\">\n\n                \n                    <h5 class=\"icon__box__heading\">Horario<\/h5>\n\n                \n                \n                    <div class=\"icon__box__description\"><p>De lunes a viernes:<br \/>Ma\u00f1ana:\u00a0 09:00h - 13:00h;<br \/>Tarde: 15:00h - 20:00h.<\/p>\n<\/div>\n\n                \n            <\/div>\n\n        <\/div>\n        \n    \t\t\t\t<\/div>\n\t\t\t\t<\/div>\n\t\t\t\t\t<\/div>\n\t\t<\/div>\n\t\t\t\t\t<\/div>\n\t\t<\/section>\n\t\t\t\t\t<\/div>\n\t\t<\/div>\n\t\t\t\t<div class=\"elementor-column elementor-col-50 elementor-top-column elementor-element elementor-element-2832a6ae\" data-id=\"2832a6ae\" data-element_type=\"column\">\n\t\t\t<div class=\"elementor-widget-wrap elementor-element-populated\">\n\t\t\t\t\t\t<div class=\"elementor-element elementor-element-4bc02736 elementor-widget elementor-widget-qt-custom-heading\" data-id=\"4bc02736\" data-element_type=\"widget\" data-widget_type=\"qt-custom-heading.default\">\n\t\t\t\t<div class=\"elementor-widget-container\">\n\t\t\t\t\t\n        <div class=\"custom__heading \">\n\n            \n                            <h2 class=\"heading\">Env\u00edanos tus dudas<\/h2>\n            \n        <\/div>\n        \n    \t\t\t\t<\/div>\n\t\t\t\t<\/div>\n\t\t\t\t<div class=\"elementor-element elementor-element-30d222bf elementor-widget elementor-widget-qt-contact-form-7\" data-id=\"30d222bf\" data-element_type=\"widget\" data-widget_type=\"qt-contact-form-7.default\">\n\t\t\t\t<div class=\"elementor-widget-container\">\n\t\t\t\t\t\n        <div class=\"contact_form__wrapper large-box\">\n            \n<div class=\"wpcf7 no-js\" id=\"wpcf7-f3796-o1\" lang=\"es-ES\" dir=\"ltr\" data-wpcf7-id=\"3796\">\n<div class=\"screen-reader-response\"><p role=\"status\" aria-live=\"polite\" aria-atomic=\"true\"><\/p> <ul><\/ul><\/div>\n<form action=\"\/es\/wp-json\/wp\/v2\/pages\/3882#wpcf7-f3796-o1\" method=\"post\" class=\"wpcf7-form init demo\" aria-label=\"Formulario de contacto\" novalidate=\"novalidate\" data-status=\"init\">\n<fieldset class=\"hidden-fields-container\"><input type=\"hidden\" name=\"_wpcf7\" value=\"3796\" \/><input type=\"hidden\" name=\"_wpcf7_version\" value=\"6.1.4\" \/><input type=\"hidden\" name=\"_wpcf7_locale\" value=\"es_ES\" \/><input type=\"hidden\" name=\"_wpcf7_unit_tag\" value=\"wpcf7-f3796-o1\" \/><input type=\"hidden\" name=\"_wpcf7_container_post\" value=\"0\" \/><input type=\"hidden\" name=\"_wpcf7_posted_data_hash\" value=\"\" \/><input type=\"hidden\" name=\"_wpcf7_recaptcha_response\" value=\"\" \/>\n<\/fieldset>\n<div class=\"row\">\n\t<div class=\"col-12 col-lg-6\">\n\t\t<p><span>Nombre *<\/span><span class=\"wpcf7-form-control-wrap\" data-name=\"your-name\"><input size=\"40\" maxlength=\"400\" class=\"wpcf7-form-control wpcf7-text wpcf7-validates-as-required\" aria-required=\"true\" aria-invalid=\"false\" placeholder=\"Nombre completo *\" value=\"\" type=\"text\" name=\"your-name\" \/><\/span><span>Correo Electr\u00f3nico *<\/span><span class=\"wpcf7-form-control-wrap\" data-name=\"your-email\"><input size=\"40\" maxlength=\"400\" class=\"wpcf7-form-control wpcf7-email wpcf7-validates-as-required wpcf7-text wpcf7-validates-as-email\" aria-required=\"true\" aria-invalid=\"false\" placeholder=\"Email*\" value=\"\" type=\"email\" name=\"your-email\" \/><\/span><span>Tel\u00e9fono de contacto *<\/span><span class=\"wpcf7-form-control-wrap\" data-name=\"your-phone\"><input size=\"40\" maxlength=\"400\" class=\"wpcf7-form-control wpcf7-tel wpcf7-validates-as-required wpcf7-text wpcf7-validates-as-tel\" aria-required=\"true\" aria-invalid=\"false\" placeholder=\"Tel\u00e9fono *\" value=\"\" type=\"tel\" name=\"your-phone\" \/><\/span><span>Quiero la visita al centro de: *<\/span><span class=\"wpcf7-form-control-wrap\" data-name=\"your-answer\"><select class=\"wpcf7-form-control wpcf7-select wpcf7-validates-as-required\" aria-required=\"true\" aria-invalid=\"false\" name=\"your-answer\"><option value=\"\">Selecciona centro:<\/option><option value=\"Palafrugell\">Palafrugell<\/option><option value=\"La Bisbal d&#039;Empord\u00e0\">La Bisbal d&#039;Empord\u00e0<\/option><\/select><\/span>\n\t\t<\/p>\n\t<\/div>\n\t<div class=\"col-12 col-lg-6\">\n\t\t<p><span>Servicio que quieres visita: *<\/span><span class=\"wpcf7-form-control-wrap\" data-name=\"your-answer\"><select class=\"wpcf7-form-control wpcf7-select wpcf7-validates-as-required\" aria-required=\"true\" aria-invalid=\"false\" name=\"your-answer\"><option value=\"\">Necesito:<\/option><option value=\"Quiropr\u00e1ctica\">Quiropr\u00e1ctica<\/option><option value=\"Fisioterapia\">Fisioterapia<\/option><option value=\"Alto Rendimento\">Alto Rendimento<\/option><option value=\"Empresa\">Empresa<\/option><\/select><\/span><span>Mensaje *<\/span><span class=\"wpcf7-form-control-wrap\" data-name=\"your-message\"><textarea cols=\"40\" rows=\"10\" maxlength=\"2000\" class=\"wpcf7-form-control wpcf7-textarea wpcf7-validates-as-required\" aria-required=\"true\" aria-invalid=\"false\" placeholder=\"Comentarios o dudas que nos quieras dejar.\" name=\"your-message\"><\/textarea><\/span><input class=\"wpcf7-form-control wpcf7-submit has-spinner btn btn-default pull-right fullwidth\" type=\"submit\" value=\"ENVIAR\" \/>\n\t\t<\/p>\n\t<\/div>\n\t<div class=\"col-12\">\n\t\t<p><span class=\"wpcf7-form-control-wrap\" data-name=\"your-acceptance\"><span class=\"wpcf7-form-control wpcf7-acceptance\"><span class=\"wpcf7-list-item\"><label><input type=\"checkbox\" name=\"your-acceptance\" value=\"1\" aria-invalid=\"false\" \/><span class=\"wpcf7-list-item-label\">He le\u00eddo, entendido y acepto la <a href=\"https:\/\/salut360.com\/es\/politica-de-privacidad\/\" class=\"animated-link\" style=\"color: #556d67;\">Pol\u00edtica de Privacidad*<\/a><\/span><\/label><\/span><\/span><\/span><br \/>\n<span>\n\t\t\t\t<FONT SIZE=2 face=\"Lato light\">Informaci\u00f3n b\u00e1sica sobre Protecci\u00f3n de datos (RGPD 2016\/679 y LOPDGDD 3\/2018).\nResponsable: SALUT 360 QUIRO, S.L.(en adelante: SALUT 360).\nFinalidad: Gestionar el env\u00edo de la informaci\u00f3n solicitada y env\u00edo de comunicaciones comerciales.\nLegitimaci\u00f3n: Consentimiento del interesado.\nDestinatarios: No se ceder\u00e1n datos a terceros salvo por obligaci\u00f3n legal.\nDerechos: Acceder, rectificar y suprimir sus datos, as\u00ed como otros derechos, que pueden ejercer tal como se especifica en la pol\u00edtica de privacidad de nuestro sitio web: <a href=\"https:\/\/salut360.com\/es\/politica-de-privacidad\/\" style=\"color: #556d67;\">https:\/\/salut360.com\/es\/politica-de-privacidad\/ <\/a>\n\t\t\t\t<\/font><\/span>\n\t\t<\/p>\n\t<\/div>\n\t<div class=\"col-12\">\n\t\t<p><span class=\"wpcf7-form-control-wrap\" data-name=\"your-acceptance\"><span class=\"wpcf7-form-control wpcf7-acceptance\"><span class=\"wpcf7-list-item\"><label><input type=\"checkbox\" name=\"your-acceptance\" value=\"1\" aria-invalid=\"false\" \/><span class=\"wpcf7-list-item-label\">Doy mi consentimiento para recibir comunicaciones comerciales posteriores por correo electr\u00f3nico y otros medios de comunicaci\u00f3n ofim\u00e1ticos, tal como establece la Ley LSSI\/CE 34\/2002.<\/span><\/label><\/span><\/span><\/span><br \/>\n<span>\n\t\t\t\t<FONT SIZE=2 face=\"Lato light\">Si posteriormente no desea continuar recibiendo nuestras comunicaciones comerciales usted podr\u00e1 revocar el consentimiento enviando un e-mail a <a href=\"mailto:info@salut360.com\" style=\"color: #556d67;\">info@salut360.com<\/a> con la palabra <strong>BAJA.<\/strong>\n\t\t\t\t<\/font><\/span>\n\t\t<\/p>\n\t<\/div>\n<\/div><div class=\"wpcf7-response-output\" aria-hidden=\"true\"><\/div>\n<\/form>\n<\/div>\n        <\/div>\n\n        \t\t\t\t<\/div>\n\t\t\t\t<\/div>\n\t\t\t\t\t<\/div>\n\t\t<\/div>\n\t\t\t\t\t<\/div>\n\t\t<\/section>\n\t\t\t\t<section class=\"elementor-section elementor-top-section elementor-element elementor-element-7c5eab87 elementor-section-stretched elementor-section-full_width elementor-section-height-default elementor-section-height-default\" data-id=\"7c5eab87\" data-element_type=\"section\" data-settings=\"{&quot;stretch_section&quot;:&quot;section-stretched&quot;}\">\n\t\t\t\t\t\t<div class=\"elementor-container elementor-column-gap-no\">\n\t\t\t\t\t<div class=\"elementor-column elementor-col-100 elementor-top-column elementor-element elementor-element-65ac5c56\" data-id=\"65ac5c56\" data-element_type=\"column\">\n\t\t\t<div class=\"elementor-widget-wrap elementor-element-populated\">\n\t\t\t\t\t\t<div class=\"elementor-element elementor-element-4c2e448c elementor-widget elementor-widget-google_maps\" data-id=\"4c2e448c\" data-element_type=\"widget\" data-widget_type=\"google_maps.default\">\n\t\t\t\t<div class=\"elementor-widget-container\">\n\t\t\t\t\t\t\t<div class=\"elementor-custom-embed\">\n\t\t\t<iframe loading=\"lazy\"\n\t\t\t\t\tsrc=\"https:\/\/maps.google.com\/maps?q=Salut%20360%20Quiropr%C3%A0ctic%2C%20Carrer%20Sant%20Sebasti%C3%A0%2069%2C%2017200%20Palafrugell&#038;t=m&#038;z=14&#038;output=embed&#038;iwloc=near\"\n\t\t\t\t\ttitle=\"Salut 360 Quiropr\u00e0ctic, Carrer Sant Sebasti\u00e0 69, 17200 Palafrugell\"\n\t\t\t\t\taria-label=\"Salut 360 Quiropr\u00e0ctic, Carrer Sant Sebasti\u00e0 69, 17200 Palafrugell\"\n\t\t\t><\/iframe>\n\t\t<\/div>\n\t\t\t\t\t\t<\/div>\n\t\t\t\t<\/div>\n\t\t\t\t\t<\/div>\n\t\t<\/div>\n\t\t\t\t\t<\/div>\n\t\t<\/section>\n\t\t\t\t<\/div>\n\t\t","protected":false},"excerpt":{"rendered":"<p>CONTACTO SALUT 360 QUIROPR\u00c0CTIC ESTAMOS AQU\u00cd PARA TI Equipo de Salut 360\u00ba Quiropr\u00e0ctic \u00bfC\u00f3mo puedes contactar con nosotros? Centros 360 C\/ Sant Sebasti\u00e0, 69 17200 Palafrugell C\/ Pompeu Fabra 7A, 17100 La Bisbal Tel\u00e9fonos Palafrugell (+34) 610 404 828 La Bisbal (+34) 623 489 717 Email info@salut360.com Horario De lunes a viernes: Ma\u00f1ana:\u00a0 09:00h &#8211;&hellip;<\/p>\n","protected":false},"author":2,"featured_media":3772,"parent":0,"menu_order":0,"comment_status":"closed","ping_status":"closed","template":"","meta":{"footnotes":""},"class_list":["post-3882","page","type-page","status-publish","has-post-thumbnail","hentry"],"acf":[],"aioseo_notices":[],"_links":{"self":[{"href":"https:\/\/salut360.com\/es\/wp-json\/wp\/v2\/pages\/3882","targetHints":{"allow":["GET"]}}],"collection":[{"href":"https:\/\/salut360.com\/es\/wp-json\/wp\/v2\/pages"}],"about":[{"href":"https:\/\/salut360.com\/es\/wp-json\/wp\/v2\/types\/page"}],"author":[{"embeddable":true,"href":"https:\/\/salut360.com\/es\/wp-json\/wp\/v2\/users\/2"}],"replies":[{"embeddable":true,"href":"https:\/\/salut360.com\/es\/wp-json\/wp\/v2\/comments?post=3882"}],"version-history":[{"count":13,"href":"https:\/\/salut360.com\/es\/wp-json\/wp\/v2\/pages\/3882\/revisions"}],"predecessor-version":[{"id":5519,"href":"https:\/\/salut360.com\/es\/wp-json\/wp\/v2\/pages\/3882\/revisions\/5519"}],"wp:featuredmedia":[{"embeddable":true,"href":"https:\/\/salut360.com\/es\/wp-json\/wp\/v2\/media\/3772"}],"wp:attachment":[{"href":"https:\/\/salut360.com\/es\/wp-json\/wp\/v2\/media?parent=3882"}],"curies":[{"name":"wp","href":"https:\/\/api.w.org\/{rel}","templated":true}]}}