{"id":4378,"date":"2023-10-20T10:46:00","date_gmt":"2023-10-20T09:46:00","guid":{"rendered":"https:\/\/salut360.online\/politica-de-privacidad\/"},"modified":"2024-12-09T08:14:54","modified_gmt":"2024-12-09T07:14:54","slug":"politica-de-privacidad","status":"publish","type":"page","link":"https:\/\/salut360.com\/es\/politica-de-privacidad\/","title":{"rendered":"Pol\u00edtica de Privacidad"},"content":{"rendered":"\t\t<div data-elementor-type=\"wp-page\" data-elementor-id=\"4378\" class=\"elementor elementor-4378 elementor-3\" data-elementor-post-type=\"page\">\n\t\t\t\t\t\t<section class=\"elementor-section elementor-top-section elementor-element elementor-element-27fc1c52 elementor-section-boxed elementor-section-height-default elementor-section-height-default\" data-id=\"27fc1c52\" data-element_type=\"section\">\n\t\t\t\t\t\t<div class=\"elementor-container elementor-column-gap-default\">\n\t\t\t\t\t<div class=\"elementor-column elementor-col-100 elementor-top-column elementor-element elementor-element-2285367\" data-id=\"2285367\" data-element_type=\"column\">\n\t\t\t<div class=\"elementor-widget-wrap elementor-element-populated\">\n\t\t\t\t\t\t<div class=\"elementor-element elementor-element-6d07a765 elementor-widget elementor-widget-text-editor\" data-id=\"6d07a765\" data-element_type=\"widget\" data-widget_type=\"text-editor.default\">\n\t\t\t\t<div class=\"elementor-widget-container\">\n\t\t\t\t\t\t\t\t\t<h2><strong>Pol\u00edtica de Privacidad<\/strong><\/h2><p>Actualizado: Febrero 2023<\/p><h3>Responsable<\/h3><p><span style=\"font-weight: 400;\">SALUT 360 QUIRO, S.L.<\/span> <span style=\"font-weight: 400;\">(en adelante SALUT 360)<\/span><\/p><h3><span style=\"font-weight: 400;\">Finalidad<\/span><\/h3><p>Prestaci\u00f3n de servicios online.<br \/>Gesti\u00f3n de usuarios web.<br \/>Comunicaciones comerciales relacionadas con nuestros servicios.<br \/>Gestionar datos aportados por los candidatos a proceso de selecci\u00f3n de personal.<\/p><h3><span style=\"font-weight: 400;\">Legitimaci\u00f3n<\/span><\/h3><p><span style=\"font-weight: 400;\">Consentimiento expreso, ejecuci\u00f3n de contrato e inter\u00e9s leg\u00edtimo.<\/span><\/p><h3><span style=\"font-weight: 400;\">Destinatarios<\/span><\/h3><p><span style=\"font-weight: 400;\">No se ceden datos a terceros, excepto:<\/span><\/p><ul><li style=\"font-weight: 400;\" aria-level=\"1\"><span style=\"font-weight: 400;\">por obligaci\u00f3n legal.<\/span><\/li><li style=\"font-weight: 400;\" aria-level=\"1\"><span style=\"font-weight: 400;\">A empresas especializadas en selecci\u00f3n de personal y an\u00e1lisis de perfiles por los candidatos a un puesto de trabajo.<\/span><\/li><\/ul><h3><span style=\"font-weight: 400;\">Derechos<\/span><\/h3><p><span style=\"font-weight: 400;\">Acceder, rectificar y suprimir los datos, as\u00ed como otros derechos, como se explica en la informaci\u00f3n adicional.<\/span><\/p><h3><span style=\"font-weight: 400;\">Informaci\u00f3n adicional<\/span><\/h3><p><span style=\"font-weight: 400;\">Puede consultar la informaci\u00f3n adicional y detallada sobre Protecci\u00f3n de Datos en las Cl\u00e1usulas anexas que se encuentran en <\/span><strong><a title=\"Pol\u00edtica de Privacidad\" href=\"https:\/\/salut360.com\/es\/politica-de-privacidad\/\">Pol\u00edtica de Privacidad<\/a><\/strong><\/p><p><span style=\"font-weight: 400;\">SALUT 360 QUIRO, S.L.<\/span> <span style=\"font-weight: 400;\">(en adelante SALUT 360) trabajamos para ofrecerle a trav\u00e9s de nuestros productos y servicios la mejor experiencia posible. En algunos casos, es necesario recabar la informaci\u00f3n para conseguirlo. Nos importa su privacidad y creemos que debemos ser transparentes al respecto.<\/span><\/p><p><span style=\"font-weight: 400;\">Por ello, ya efectos de lo previsto en el Reglamento (UE) 2016\/679 del Parlamento Europeo y del Consejo de 27 de abril de 2016 (en adelante, \u00abRGPD\u00bb) relativo a la protecci\u00f3n de las personas f\u00edsicas en lo que respecta al tratamiento de datos personales ya la libre circulaci\u00f3n de estos datos, y la Ley 34\/2002, de 11 de julio, de Servicios de la Sociedad de la Informaci\u00f3n y de Comercio Electr\u00f3nico (en adelante, \u00abLSSI\u00bb, <strong>SALUT 360<\/strong> informa al usuario que, como responsable del tratamiento, incorporar\u00e1 los datos de car\u00e1cter personal facilitados por los usuarios a un fichero automatizado.<\/span><\/p><p><span style=\"font-weight: 400;\">Nuestro compromiso comienza por explicarle lo siguiente:<\/span><\/p><ul><li style=\"font-weight: 400;\" aria-level=\"1\"><span style=\"font-weight: 400;\">Se recogen sus datos para que la experiencia de usuario mejore, atendiendo a sus intereses y necesidades.<\/span><\/li><li style=\"font-weight: 400;\" aria-level=\"1\"><span style=\"font-weight: 400;\">Somos transparentes en relaci\u00f3n con los datos que obtenemos sobre usted y la raz\u00f3n por la que lo hacemos.<\/span><\/li><li style=\"font-weight: 400;\" aria-level=\"1\"><span style=\"font-weight: 400;\">Nuestra intenci\u00f3n es ofrecerle la mejor experiencia posible. Por eso, cuando utilicemos su informaci\u00f3n personal lo haremos siempre cumpliendo la normativa, y cuando sea necesario, solicitaremos su consentimiento.<\/span><\/li><li style=\"font-weight: 400;\" aria-level=\"1\"><span style=\"font-weight: 400;\">Entendemos que sus datos le pertenecen. Por tanto, si decide no autorizarnos a procesarlas puede solicitar que dejemos de tratarlas.<\/span><\/li><li style=\"font-weight: 400;\" aria-level=\"1\"><span style=\"font-weight: 400;\">Nuestra prioridad consiste en garantizar su seguridad y tratar sus datos de acuerdo a la normativa europea.<\/span><\/li><\/ul><p><span style=\"font-weight: 400;\">Si deseas obtener m\u00e1s informaci\u00f3n sobre el tratamiento de sus datos, consulte los distintos apartados de la pol\u00edtica de privacidad que se encuentran a continuaci\u00f3n:<\/span><\/p><h3>\u00bfQui\u00e9n es el responsable del tratamiento de sus datos personales?<\/h3><p>Denominaci\u00f3n social: SALUT 360 QUIRO, S.L.<br \/>Denominaci\u00f3n comercial: SALUT 360<br \/>Domicilio social: C\/Sant Sebasti\u00e0, 69 &#8211; 17200 &#8211; PALAFRUGELL (Girona)<br \/>C.I.F.: B55362446<br \/>e-mail:<strong><a href=\"mailto:info@salut360.com\">info@salut360.com<\/a><\/strong><\/p><p><span style=\"font-weight: 400;\"><strong>SALUT 360<\/strong> ha designado a una persona de contacto interna como coordinador de la adaptaci\u00f3n dentro de su organizaci\u00f3n. Si desea realizar una consulta con relaci\u00f3n al tratamiento de sus datos personales, puedes ponerse en contacto con \u00e9l mediante el correo <\/span><strong><a href=\"mailto:info@salut360.com\">info@salut360.com<\/a> <\/strong><\/p><h3>\u00bfQu\u00e9 datos personales recopilamos?<\/h3><p><span style=\"font-weight: 400;\">Los datos personales que el usuario puede llegar a proporcionar:<\/span><\/p><ul><li style=\"font-weight: 400;\" aria-level=\"1\"><span style=\"font-weight: 400;\">Nombre, direcci\u00f3n y fecha de nacimiento.<\/span><\/li><li style=\"font-weight: 400;\" aria-level=\"1\"><span style=\"font-weight: 400;\">N\u00famero de tel\u00e9fono y direcci\u00f3n de correo electr\u00f3nico.<\/span><\/li><li style=\"font-weight: 400;\" aria-level=\"1\"><span style=\"font-weight: 400;\">Ubicaci\u00f3n.<\/span><\/li><li style=\"font-weight: 400;\" aria-level=\"1\"><span style=\"font-weight: 400;\">Informaci\u00f3n relativa a pagos y devoluciones.<\/span><\/li><li style=\"font-weight: 400;\" aria-level=\"1\"><span style=\"font-weight: 400;\">Direcci\u00f3n IP, fecha y hora en la que ha accedido a nuestros servicios, navegador de internet que utilice y datos sobre el sistema operativo del dispositivo.<\/span><\/li><li style=\"font-weight: 400;\" aria-level=\"1\"><span style=\"font-weight: 400;\">Los datos de Curr\u00edculum Vitae (CV) de los candidatos a un puesto de trabajo.<\/span><\/li><li style=\"font-weight: 400;\" aria-level=\"1\"><span style=\"font-weight: 400;\">Cualquier otra informaci\u00f3n o datos que decida compartir con nosotros.<\/span><\/li><\/ul><p><span style=\"font-weight: 400;\">En algunos casos, es obligatoria la complementaci\u00f3n del formulario de registro para acceder y disfrutar de determinados servicios ofrecidos en la web; asimismo, no facilitar los datos personales solicitados o no aceptar la presente pol\u00edtica de protecci\u00f3n de datos supone la imposibilidad de suscribirse, registrarse o participar en cualquiera de las promociones en las que se soliciten datos de car\u00e1cter personal.<\/span><\/p><h3>\u00bfPor qu\u00e9 y para qu\u00e9 tratamos sus datos?<\/h3><p><span style=\"font-weight: 400;\">En <strong>SALUT 360<\/strong> tratamos la informaci\u00f3n que nos facilitan las personas interesadas con las siguientes finalidades:<\/span><\/p><ul><li style=\"font-weight: 400;\" aria-level=\"1\"><span style=\"font-weight: 400;\">Gestionar la contrataci\u00f3n de alguno de nuestros servicios, ya sea online o en nuestras oficinas f\u00edsicas.<\/span><\/li><li style=\"font-weight: 400;\" aria-level=\"1\"><span style=\"font-weight: 400;\">Gestionar el env\u00edo de la informaci\u00f3n que nos soliciten.<\/span><\/li><li style=\"font-weight: 400;\" aria-level=\"1\"><span style=\"font-weight: 400;\">Gestionar los datos aportados por los candidatos a un puesto de trabajo a trav\u00e9s de su Curr\u00edculum Vitae (CV) con el \u00fanico fin de llevar a cabo el proceso de selecci\u00f3n de personal.<\/span><\/li><li style=\"font-weight: 400;\" aria-level=\"1\"><span style=\"font-weight: 400;\">Desarrollar acciones comerciales y realizar el mantenimiento y gesti\u00f3n de la relaci\u00f3n con el usuario, as\u00ed como la gesti\u00f3n de los servicios ofrecidos a trav\u00e9s del sitio web y las tareas de informaci\u00f3n, pudiendo realizar valoraciones autom\u00e1ticas, obtenci\u00f3n de perfiles y tareas de segmentaci\u00f3n de los clientes con el objeto de personalizar el tratamiento conforme a sus caracter\u00edsticas y necesidades y mejor la experiencia online del cliente.<\/span><\/li><li style=\"font-weight: 400;\" aria-level=\"1\"><span style=\"font-weight: 400;\">Desarrollar y gestionar los concursos, sorteos u otras actividades promocionales que puedan organizarse.<\/span><\/li><li style=\"font-weight: 400;\" aria-level=\"1\"><span style=\"font-weight: 400;\">En algunos casos ser\u00e1 necesario facilitar informaci\u00f3n a las Autoridades o terceras empresas por motivos de auditor\u00eda, as\u00ed como manejar datos personales de facturas, contratos y documentos para responder a reclamaciones de clientes o Administraciones P\u00fablicas.<\/span><\/li><\/ul><p><span style=\"font-weight: 400;\">Informamos que los datos personales que se obtengan como consecuencia de su registro como usuario formar\u00e1n parte del Registro de Actividades y operaciones de Tratamiento (RAT), que se actualizar\u00e1 peri\u00f3dicamente de acuerdo con lo establecido en el RGPD.<\/span><\/p><h3>\u00bfCu\u00e1l es la legitimaci\u00f3n para el tratamiento de sus datos?<\/h3><p><span style=\"font-weight: 400;\">El tratamiento de sus datos puede fundamentarse en las siguientes bases legales:<\/span><\/p><ul><li style=\"font-weight: 400;\" aria-level=\"1\"><span style=\"font-weight: 400;\">Consentimiento del interesado por los formularios de contacto, las solicitudes de informaci\u00f3n o alta en newsletters.<\/span><\/li><li style=\"font-weight: 400;\" aria-level=\"1\"><span style=\"font-weight: 400;\">Ejecuci\u00f3n de contrato para la contrataci\u00f3n de servicios y productos o contrataci\u00f3n de personal en el \u00e1mbito laboral.<\/span><\/li><li style=\"font-weight: 400;\" aria-level=\"1\"><span style=\"font-weight: 400;\">Inter\u00e9s leg\u00edtimo por el tratamiento de datos de nuestros clientes en acciones de marketing directo y consentimiento expreso del interesado por todo lo relativo a las valoraciones autom\u00e1ticas y elaboraci\u00f3n de perfiles.<\/span><\/li><li style=\"font-weight: 400;\" aria-level=\"1\"><span style=\"font-weight: 400;\">Cumplimiento de obligaciones legales por prevenci\u00f3n del fraude, comunicaci\u00f3n con Autoridades p\u00fablicas y reclamaciones de terceros.<\/span><\/li><\/ul><h3>\u00bfCu\u00e1nto tiempo conservamos sus datos?<\/h3><p><span style=\"font-weight: 400;\">El tratamiento de los datos con las finalidades descritas se mantendr\u00e1 durante el tiempo necesario para cumplir con la finalidad de su recogida (por ejemplo, mientras dure la relaci\u00f3n comercial), as\u00ed como por el cumplimiento de las obligaciones legales que se deriven del tratamiento de las datos.<\/span><\/p><p><span style=\"font-weight: 400;\">El tiempo de conservaci\u00f3n de los CV de los candidatos a proceso de selecci\u00f3n de personal, no seleccionados, ser\u00e1 de un a\u00f1o desde la recepci\u00f3n del mismo<\/span><span style=\"font-weight: 400;\">.<\/span><\/p><h3>\u00bfA qu\u00e9 destinatarios se comunican sus datos?<\/h3><p><span style=\"font-weight: 400;\">En algunos casos, s\u00f3lo cuando sea necesario, <strong>SALUT 360<\/strong> proporcionar\u00e1 datos de los usuarios a terceros. Sin embargo, nunca se vender\u00e1n los datos a terceros. Los proveedores de servicios externos (por ejemplo, proveedores de pago) con los que <strong>SALUT 360<\/strong> trabaje pueden utilizar los datos para proporcionar los servicios correspondientes, sin perjuicio de ello, no utilizar\u00e1n la informaci\u00f3n para fines propios o por cesi\u00f3n a terceros.<\/span><\/p><p><span style=\"font-weight: 400;\"><strong>SALUT 360<\/strong> procura garantizar la seguridad de los datos personales cuando se env\u00edan fuera de la empresa y se asegura que los terceros proveedores del servicio respeten la confidencialidad y cuenten con las medidas adecuadas para proteger sus datos personales. Estos terceros tienen la obligaci\u00f3n de garantizar que la informaci\u00f3n se trata conforme a la normativa de privacidad de datos.<\/span><\/p><p><span style=\"font-weight: 400;\">En algunos casos, la ley puede exigir que se revelen datos personales a organismos p\u00fablicos u otras partes, s\u00f3lo se revelar\u00e1 lo estrictamente necesario para el cumplimiento de estas obligaciones legales.<\/span><\/p><p><span style=\"font-weight: 400;\">Los datos personales obtenidos tambi\u00e9n podr\u00e1n ser compartidos con otras empresas del grupo.<\/span><\/p><p><span style=\"font-weight: 400;\">Los datos de los curr\u00edculums vitae (CV) de los candidatos a un puesto de trabajo podr\u00e1n ser compartidos con empresas especializadas en procesos de selecci\u00f3n de personal y an\u00e1lisis de perfiles.<\/span><\/p><h3>\u00bfD\u00f3nde se almacenan tus datos?<\/h3><p><span style=\"font-weight: 400;\">Con car\u00e1cter general, los datos se almacenan en la UE. Los datos que se env\u00edan a terceros que no pertenecen a la UE, nos aseguraremos que ofrezcan un nivel de protecci\u00f3n suficiente, ya sea porque cuentan con Normas Corporativas Vinculantes (BCR) o porque se hayan adherido al Privacy Shield o al acuerdo que est\u00e9 vigente en cada momento.<\/span><\/p><h3>\u00bfQu\u00e9 derechos le asisten y c\u00f3mo puede ejercerlos?<\/h3><p><span style=\"font-weight: 400;\">Puede dirigir sus comunicaciones y ejercer sus derechos mediante una petici\u00f3n en el siguiente correo electr\u00f3nico:<\/span> <strong><a href=\"mailto:info@salut360.com\">info@salut360.com<\/a><\/strong><\/p><p><span style=\"font-weight: 400;\">En virtud de lo que establece el RGPD puede solicitar:<\/span><\/p><ul><li style=\"font-weight: 400;\" aria-level=\"1\"><span style=\"font-weight: 400;\">Derecho de acceso: puede solicitar informaci\u00f3n de aquellos datos personales que disponemos sobre usted.<\/span><\/li><li style=\"font-weight: 400;\" aria-level=\"1\"><span style=\"font-weight: 400;\">Derecho de rectificaci\u00f3n: puede comunicar cualquier cambio en sus datos personales.<\/span><\/li><li style=\"font-weight: 400;\" aria-level=\"1\"><span style=\"font-weight: 400;\">Derecho de supresi\u00f3n y olvido: puede solicitar la eliminaci\u00f3n previo bloqueo de los datos personales.<\/span><\/li><li style=\"font-weight: 400;\" aria-level=\"1\"><span style=\"font-weight: 400;\">Derecho de limitaci\u00f3n al tratamiento: supone la restricci\u00f3n del tratamiento de datos personales.<\/span><\/li><li style=\"font-weight: 400;\" aria-level=\"1\"><span style=\"font-weight: 400;\">Derecho de oposici\u00f3n: puede retirar el consentimiento del tratamiento de los datos, oponi\u00e9ndose a que se sigan tratando.<\/span><\/li><li style=\"font-weight: 400;\" aria-level=\"1\"><span style=\"font-weight: 400;\">Derecho a la portabilidad: en algunos casos, puede solicitar una copia de los datos personales en un formato estructurado, de uso com\u00fan y lectura mec\u00e1nica por su transmisi\u00f3n a otro responsable.<\/span><\/li><li style=\"font-weight: 400;\" aria-level=\"1\"><span style=\"font-weight: 400;\">Derecho a no ser objeto de decisiones individualizadas: puede solicitar que no se tomen decisiones que se basen \u00fanicamente en el tratamiento automatizante, incluyendo la elaboraci\u00f3n de perfiles, que produzca efectos jur\u00eddicos o afecte significativamente al interesado.<\/span><\/li><\/ul><p>En algunos casos, se podr\u00e1 rechazar la solicitud si solicita que se eliminen datos necesarios para el cumplimiento de obligaciones legales.<br \/>Asimismo, si tienes alguna queja sobre el tratamiento de los datos, puede presentar una reclamaci\u00f3n ante la autoridad de protecci\u00f3n de datos.<\/p><h3>\u00bfQui\u00e9n es el responsable de la exactitud y veracidad de los datos facilitados?<\/h3><p><span style=\"font-weight: 400;\">El usuario es el \u00fanico responsable de la veracidad y correcci\u00f3n de los datos incluidos, exonerando a <strong>SALUT 360<\/strong> de cualquier responsabilidad al respecto. Los usuarios garantizan y responden, en cualquier caso, de la exactitud, vigencia y autenticidad de los datos personales facilitados, comprometi\u00e9ndose a mantenerlos debidamente actualizados. El usuario acepta proporcionar informaci\u00f3n completa y correcta en el formulario de registro o suscripci\u00f3n. <strong>SALUT 360<\/strong> se reserva el derecho de finalizar los servicios contratados que se hubieran celebrado con los usuarios, en caso de que los datos que haya facilitado sean falsos, incompletos inexactos o no est\u00e9n actualizados.<\/span><\/p><p><span style=\"font-weight: 400;\"><strong>SALUT 360<\/strong> no responde de la veracidad de las informaciones que no sean de elaboraci\u00f3n propia y de las que se indique otra fuente, por lo que tampoco asume ninguna responsabilidad en cuanto a hipot\u00e9ticos perjuicios que pudieran originarse por el uso de esta informaci\u00f3n.<\/span><\/p><p><span style=\"font-weight: 400;\"><strong>SALUT 360<\/strong> se reserva el derecho a actualizar, modificar o eliminar la informaci\u00f3n contenida en sus p\u00e1ginas web pudiendo incluso limitar o no permitir el acceso a esa informaci\u00f3n. Se exonera a <strong>SALUT 360<\/strong> de responsabilidad frente a cualquier da\u00f1o o perjuicio que pudiera sufrir el usuario como consecuencia de errores, defectos u omisiones, en la informaci\u00f3n facilitada por <strong>SALUT 360<\/strong> siempre que proceda de fuentes ajenas a la misma.<\/span><\/p><p><span style=\"font-weight: 400;\">Asimismo, el usuario certifica que es mayor de 14 a\u00f1os y posee la capacidad legal necesaria para la prestaci\u00f3n del consentimiento respecto al tratamiento de sus datos de car\u00e1cter personal.<\/span><\/p><h3>\u00bfC\u00f3mo tratamos los datos personales de los menores de edad?<\/h3><p><span style=\"font-weight: 400;\">En principio, nuestros servicios no van dirigidos espec\u00edficamente a menores de edad. No obstante, en caso de que alguno de ellos se dirija a menores de catorce a\u00f1os, de conformidad con el art\u00edculo 8 del RGPD y el art\u00edculo 7 de la LO 3\/2018, de 5 de diciembre (LOPDGDD), <strong>SALUT 360<\/strong> exigir\u00e1 el consentimiento v\u00e1lido, libre, inequ\u00edvoco, espec\u00edfico e informado de los tutores legales para tratar los datos personales de los menores. En tal caso, se exigir\u00e1 el DNI u otra forma de identificaci\u00f3n de quien preste el consentimiento. <\/span><\/p><p><span style=\"font-weight: 400;\">En el caso de mayores de catorce a\u00f1os podr\u00e1 procederse al tratamiento de los datos con el consentimiento del usuario, exceptuando aquellos casos en los que la Ley exija la asistencia de los titulares de la patria potestad o tutela.<\/span><\/p><h3>\u00bfQu\u00e9 medidas de seguridad aplicamos para proteger sus datos personales?<\/h3><p><span style=\"font-weight: 400;\"><strong>SALUT 360<\/strong> ha adoptado los niveles de seguridad de protecci\u00f3n de los datos personales legalmente requeridos, y procura instalar aquellos otros medios y medidas t\u00e9cnicas adicionales a su alcance para evitar la p\u00e9rdida, mal uso, alteraci\u00f3n, acceso no autorizado y robo de los datos personales facilitados a <strong>SALUT 360<\/strong>.<\/span><\/p><p><span style=\"font-weight: 400;\"><strong>SALUT 360<\/strong> no es responsable de hipot\u00e9ticos da\u00f1os o perjuicios que pudieran derivarse de interferencias, omisiones, interrupciones, virus inform\u00e1ticos, aver\u00edas telef\u00f3nicas o desconexiones en el funcionamiento operativo de este sistema electr\u00f3nico, motivadas por causas ajenas a <strong>SALUT 360;<\/strong> de retrasos o bloqueos en el uso del presente sistema electr\u00f3nico causados por ciencias o sobrecargas de l\u00edneas telef\u00f3nicas o sobrecargas en el Centro de Procesos de Datos, en el sistema de Internet o en otros sistemas electr\u00f3nicos, as\u00ed como de da\u00f1os que puedan ser causados por terceras personas mediante intromisiones ileg\u00edtimas fuera del control de <strong>SALUT 360<\/strong>. Sin embargo, el usuario debe ser consciente de que las medidas de seguridad en Internet no son inexpugnables.<\/span><\/p><h3>Enlaces a otros sitios web<\/h3><p><span style=\"font-weight: 400;\">En el sitio web <\/span><a title=\"Salut 360 Quiropr\u00e0ctic Palafrugell\" href=\"https:\/\/salut360.com\/es\/\"><strong>https:\/\/salut360.com\/<\/strong><\/a> <span style=\"font-weight: 400;\"> puede haber enlaces a otras p\u00e1ginas web. Al clicar en uno de estos enlaces y acceder a un sitio web externo, la visita estar\u00e1 sujeta a la pol\u00edtica de privacidad de ese sitio web, quedando <strong>SALUT 360<\/strong> desvinculada de cualquier clase de responsabilidad sobre su pol\u00edtica de privacidad.<\/span><\/p><h3>\u00bfC\u00f3mo utilizamos las cookies?<\/h3><p><span style=\"font-weight: 400;\">El sitio web de <\/span><strong>SALUT 360<\/strong><span style=\"font-weight: 400;\"> utiliza cookies, a efectos de optimizar y personalizar su navegaci\u00f3n por el mismo. Las cookies son archivos f\u00edsicos de informaci\u00f3n que se alojan en el terminal del usuario, la informaci\u00f3n recogida mediante las cookies sirve para facilitar la navegaci\u00f3n del usuario por el portal y optimizar la experiencia de navegaci\u00f3n. Los datos recopilados mediante las cookies pueden ser compartidos con los creadores de \u00e9stas, pero en ning\u00fan caso la informaci\u00f3n obtenida por las mismas ser\u00e1 asociada a datos personales ni a datos que puedan identificar al usuario.<\/span><\/p><p><span style=\"font-weight: 400;\">Sin embargo, si el usuario no desea que se instalen cookies en su disco duro, tiene la posibilidad de configurar el navegador de tal modo que impida la instalaci\u00f3n de estos archivos. Para obtener m\u00e1s informaci\u00f3n consulte nuestra <a title=\"Pol\u00edtica de cookies Salut 360\" href=\"https:\/\/salut360.com\/es\/politica-de-cookies-salut-360\/\"><strong>Pol\u00edtica de Cookies.<\/strong><\/a><\/span><\/p><h3>\u00bfPuede modificarse la pol\u00edtica de privacidad?<\/h3><p><span style=\"font-weight: 400;\">Esta pol\u00edtica de privacidad puede modificarse, te recomendamos que la revises con cierta periodicidad.<\/span><\/p>\t\t\t\t\t\t\t\t<\/div>\n\t\t\t\t<\/div>\n\t\t\t\t\t<\/div>\n\t\t<\/div>\n\t\t\t\t\t<\/div>\n\t\t<\/section>\n\t\t\t\t<\/div>\n\t\t","protected":false},"excerpt":{"rendered":"<p>Pol\u00edtica de Privacidad Actualizado: Febrero 2023 Responsable SALUT 360 QUIRO, S.L. (en adelante SALUT 360) Finalidad Prestaci\u00f3n de servicios online.Gesti\u00f3n de usuarios web.Comunicaciones comerciales relacionadas con nuestros servicios.Gestionar datos aportados por los candidatos a proceso de selecci\u00f3n de personal. Legitimaci\u00f3n Consentimiento expreso, ejecuci\u00f3n de contrato e inter\u00e9s leg\u00edtimo. Destinatarios No se ceden datos a terceros,&hellip;<\/p>\n","protected":false},"author":2,"featured_media":0,"parent":0,"menu_order":0,"comment_status":"closed","ping_status":"open","template":"","meta":{"footnotes":""},"class_list":["post-4378","page","type-page","status-publish","hentry"],"acf":[],"aioseo_notices":[],"_links":{"self":[{"href":"https:\/\/salut360.com\/es\/wp-json\/wp\/v2\/pages\/4378","targetHints":{"allow":["GET"]}}],"collection":[{"href":"https:\/\/salut360.com\/es\/wp-json\/wp\/v2\/pages"}],"about":[{"href":"https:\/\/salut360.com\/es\/wp-json\/wp\/v2\/types\/page"}],"author":[{"embeddable":true,"href":"https:\/\/salut360.com\/es\/wp-json\/wp\/v2\/users\/2"}],"replies":[{"embeddable":true,"href":"https:\/\/salut360.com\/es\/wp-json\/wp\/v2\/comments?post=4378"}],"version-history":[{"count":0,"href":"https:\/\/salut360.com\/es\/wp-json\/wp\/v2\/pages\/4378\/revisions"}],"wp:attachment":[{"href":"https:\/\/salut360.com\/es\/wp-json\/wp\/v2\/media?parent=4378"}],"curies":[{"name":"wp","href":"https:\/\/api.w.org\/{rel}","templated":true}]}}