{"id":4480,"date":"2023-12-29T12:10:02","date_gmt":"2023-12-29T11:10:02","guid":{"rendered":"https:\/\/salut360.online\/?page_id=4480"},"modified":"2023-12-29T12:17:15","modified_gmt":"2023-12-29T11:17:15","slug":"kit-digital-salut-360-quiropractic","status":"publish","type":"page","link":"https:\/\/salut360.com\/es\/kit-digital-salut-360-quiropractic\/","title":{"rendered":"Kit digital Salut 360 Quiropr\u00e0ctic"},"content":{"rendered":"\t\t<div data-elementor-type=\"wp-page\" data-elementor-id=\"4480\" class=\"elementor elementor-4480\" data-elementor-post-type=\"page\">\n\t\t\t\t\t\t<section class=\"elementor-section elementor-top-section elementor-element elementor-element-4225e141 elementor-section-boxed elementor-section-height-default elementor-section-height-default\" data-id=\"4225e141\" data-element_type=\"section\">\n\t\t\t\t\t\t<div class=\"elementor-container elementor-column-gap-default\">\n\t\t\t\t\t<div class=\"elementor-column elementor-col-100 elementor-top-column elementor-element elementor-element-499802d5\" data-id=\"499802d5\" data-element_type=\"column\">\n\t\t\t<div class=\"elementor-widget-wrap elementor-element-populated\">\n\t\t\t\t\t\t<div class=\"elementor-element elementor-element-34a2b18 elementor-widget elementor-widget-heading\" data-id=\"34a2b18\" data-element_type=\"widget\" data-widget_type=\"heading.default\">\n\t\t\t\t<div class=\"elementor-widget-container\">\n\t\t\t\t\t<h2 class=\"elementor-heading-title elementor-size-default\">Kit Digital<\/h2>\t\t\t\t<\/div>\n\t\t\t\t<\/div>\n\t\t\t\t<div class=\"elementor-element elementor-element-3ff6f76a elementor-widget elementor-widget-text-editor\" data-id=\"3ff6f76a\" data-element_type=\"widget\" data-widget_type=\"text-editor.default\">\n\t\t\t\t<div class=\"elementor-widget-container\">\n\t\t\t\t\t\t\t\t\t<p>Financiado por la Uni\u00f3n Europea &#8211; NextGenerationEU. Sin embargo, los puntos de vista y las opiniones expresadas son \u00fanicamente los del autor o autores y no reflejan necesariamente los de la Uni\u00f3n Europea o la Comisi\u00f3n Europea. Ni la Uni\u00f3n Europea ni la Comisi\u00f3n Europea pueden ser consideradas responsables de las mismas Kit digital Gobierno de Espa\u00f1a<\/p>\t\t\t\t\t\t\t\t<\/div>\n\t\t\t\t<\/div>\n\t\t\t\t<div class=\"elementor-element elementor-element-3dd4710 elementor-widget elementor-widget-image\" data-id=\"3dd4710\" data-element_type=\"widget\" data-widget_type=\"image.default\">\n\t\t\t\t<div class=\"elementor-widget-container\">\n\t\t\t\t\t\t\t\t\t\t\t\t\t\t\t<img fetchpriority=\"high\" decoding=\"async\" width=\"1024\" height=\"119\" src=\"https:\/\/salut360.com\/wp-content\/uploads\/2023\/12\/kit-digital-logo.png\" class=\"attachment-large size-large wp-image-4482\" alt=\"Kit digital y Next Generation\" srcset=\"https:\/\/salut360.com\/wp-content\/uploads\/2023\/12\/kit-digital-logo.png 1024w, https:\/\/salut360.com\/wp-content\/uploads\/2023\/12\/kit-digital-logo-300x35.png 300w, https:\/\/salut360.com\/wp-content\/uploads\/2023\/12\/kit-digital-logo-768x89.png 768w, https:\/\/salut360.com\/wp-content\/uploads\/2023\/12\/kit-digital-logo-600x70.png 600w\" sizes=\"(max-width: 1024px) 100vw, 1024px\" \/>\t\t\t\t\t\t\t\t\t\t\t\t\t\t\t<\/div>\n\t\t\t\t<\/div>\n\t\t\t\t\t<\/div>\n\t\t<\/div>\n\t\t\t\t\t<\/div>\n\t\t<\/section>\n\t\t\t\t<\/div>\n\t\t","protected":false},"excerpt":{"rendered":"<p>Kit Digital Financiado por la Uni\u00f3n Europea &#8211; NextGenerationEU. Sin embargo, los puntos de vista y las opiniones expresadas son \u00fanicamente los del autor o autores y no reflejan necesariamente los de la Uni\u00f3n Europea o la Comisi\u00f3n Europea. Ni la Uni\u00f3n Europea ni la Comisi\u00f3n Europea pueden ser consideradas responsables de las mismas Kit&hellip;<\/p>\n","protected":false},"author":2,"featured_media":4482,"parent":0,"menu_order":0,"comment_status":"closed","ping_status":"closed","template":"","meta":{"footnotes":""},"class_list":["post-4480","page","type-page","status-publish","has-post-thumbnail","hentry"],"acf":[],"aioseo_notices":[],"_links":{"self":[{"href":"https:\/\/salut360.com\/es\/wp-json\/wp\/v2\/pages\/4480","targetHints":{"allow":["GET"]}}],"collection":[{"href":"https:\/\/salut360.com\/es\/wp-json\/wp\/v2\/pages"}],"about":[{"href":"https:\/\/salut360.com\/es\/wp-json\/wp\/v2\/types\/page"}],"author":[{"embeddable":true,"href":"https:\/\/salut360.com\/es\/wp-json\/wp\/v2\/users\/2"}],"replies":[{"embeddable":true,"href":"https:\/\/salut360.com\/es\/wp-json\/wp\/v2\/comments?post=4480"}],"version-history":[{"count":0,"href":"https:\/\/salut360.com\/es\/wp-json\/wp\/v2\/pages\/4480\/revisions"}],"wp:featuredmedia":[{"embeddable":true,"href":"https:\/\/salut360.com\/es\/wp-json\/wp\/v2\/media\/4482"}],"wp:attachment":[{"href":"https:\/\/salut360.com\/es\/wp-json\/wp\/v2\/media?parent=4480"}],"curies":[{"name":"wp","href":"https:\/\/api.w.org\/{rel}","templated":true}]}}