{"id":4744,"date":"2020-02-13T14:58:04","date_gmt":"2020-02-13T13:58:04","guid":{"rendered":"https:\/\/salut360.online\/servicios-salut-360-quiropractic\/fisioterapia\/"},"modified":"2024-12-08T13:41:43","modified_gmt":"2024-12-08T12:41:43","slug":"fisioterapia-quiropractica-palafrugell","status":"publish","type":"page","link":"https:\/\/salut360.com\/es\/servicios-salut-360-quiropractic\/fisioterapia-quiropractica-palafrugell\/","title":{"rendered":"Fisioterapia"},"content":{"rendered":"\t\t<div data-elementor-type=\"wp-page\" data-elementor-id=\"4744\" class=\"elementor elementor-4744 elementor-965\" data-elementor-post-type=\"page\">\n\t\t\t\t\t\t<section class=\"elementor-section elementor-top-section elementor-element elementor-element-031593b elementor-section-boxed elementor-section-height-default elementor-section-height-default\" data-id=\"031593b\" data-element_type=\"section\">\n\t\t\t\t\t\t<div class=\"elementor-container elementor-column-gap-default\">\n\t\t\t\t\t<div class=\"elementor-column elementor-col-100 elementor-top-column elementor-element elementor-element-58abfe0\" data-id=\"58abfe0\" data-element_type=\"column\">\n\t\t\t<div class=\"elementor-widget-wrap elementor-element-populated\">\n\t\t\t\t\t\t<div class=\"elementor-element elementor-element-ec4c61d elementor-widget elementor-widget-text-editor\" data-id=\"ec4c61d\" data-element_type=\"widget\" data-widget_type=\"text-editor.default\">\n\t\t\t\t<div class=\"elementor-widget-container\">\n\t\t\t\t\t\t\t\t\t<p>La fisioterapia es un campo terap\u00e9utico que se centra en mejorar la movilidad, la funci\u00f3n f\u00edsica y el bienestar general de las personas. Los fisioterapeutas utilizan una variedad de t\u00e9cnicas y m\u00e9todos para tratar lesiones, recuperarse despu\u00e9s de cirug\u00edas, aliviar el dolor y mejorar la calidad de vida.<\/p>\n\t\t\t\t\t\t\t\t<\/div>\n\t\t\t\t<\/div>\n\t\t\t\t\t<\/div>\n\t\t<\/div>\n\t\t\t\t\t<\/div>\n\t\t<\/section>\n\t\t\t\t<section class=\"elementor-section elementor-top-section elementor-element elementor-element-f8ea031 elementor-section-boxed elementor-section-height-default elementor-section-height-default\" data-id=\"f8ea031\" data-element_type=\"section\">\n\t\t\t\t\t\t<div class=\"elementor-container elementor-column-gap-extended\">\n\t\t\t\t\t<div class=\"elementor-column elementor-col-50 elementor-top-column elementor-element elementor-element-1443f5d\" data-id=\"1443f5d\" data-element_type=\"column\">\n\t\t\t<div class=\"elementor-widget-wrap elementor-element-populated\">\n\t\t\t\t\t\t<div class=\"elementor-element elementor-element-8c2e312 elementor-widget elementor-widget-heading\" data-id=\"8c2e312\" data-element_type=\"widget\" data-widget_type=\"heading.default\">\n\t\t\t\t<div class=\"elementor-widget-container\">\n\t\t\t\t\t<h2 class=\"elementor-heading-title elementor-size-default\">Profesionales cualificados<\/h2>\t\t\t\t<\/div>\n\t\t\t\t<\/div>\n\t\t\t\t<div class=\"elementor-element elementor-element-320ed5b elementor-widget elementor-widget-text-editor\" data-id=\"320ed5b\" data-element_type=\"widget\" data-widget_type=\"text-editor.default\">\n\t\t\t\t<div class=\"elementor-widget-container\">\n\t\t\t\t\t\t\t\t\t<p>A <strong><a title=\"Salut 360 Quiropr\u00e0ctic Palafrugell.\" href=\"https:\/\/salut360.com\/es\/\">Salut 360 Quiropr\u00e0ctic<\/a><\/strong>, entendemos que el cuerpo humano es una m\u00e1quina asombrosa que, como todas las m\u00e1quinas, a veces necesita un ajuste o mantenimiento para funcionar de forma \u00f3ptima. Nuestros fisioterapeutas altamente capacitados utilizan una combinaci\u00f3n de terapia manual, ejercicios espec\u00edficos y tecnolog\u00edas avanzadas para ayudar a restaurar la movilidad, reducir el dolor y promover la recuperaci\u00f3n completa.<\/p>\n\t\t\t\t\t\t\t\t<\/div>\n\t\t\t\t<\/div>\n\t\t\t\t<div class=\"elementor-element elementor-element-3e4b790 elementor-widget elementor-widget-heading\" data-id=\"3e4b790\" data-element_type=\"widget\" data-widget_type=\"heading.default\">\n\t\t\t\t<div class=\"elementor-widget-container\">\n\t\t\t\t\t<h2 class=\"elementor-heading-title elementor-size-default\">\u00bfPor qu\u00e9 es beneficioso acudir al fisioterapeuta regularmente?<\/h2>\t\t\t\t<\/div>\n\t\t\t\t<\/div>\n\t\t\t\t<div class=\"elementor-element elementor-element-e7f3038 elementor-widget elementor-widget-text-editor\" data-id=\"e7f3038\" data-element_type=\"widget\" data-widget_type=\"text-editor.default\">\n\t\t\t\t<div class=\"elementor-widget-container\">\n\t\t\t\t\t\t\t\t\t<p>La respuesta es simple: la prevenci\u00f3n es clave para mantener un cuerpo saludable y funcional. Una visita peri\u00f3dica al fisioterapeuta puede prevenir lesiones, mejorar su postura y fortalecer el cuerpo. Desde atletas de alto rendimiento hasta aquellos que buscan mantenerse activos a diario, la fisioterapia puede beneficiar a personas de todas las edades y condiciones.<\/p>\n<p>A <a title=\"Salut 360 Quiropr\u00e0ctic Palafrugell.\" href=\"https:\/\/salut360.com\/es\/\"><strong>Salut 360 Quiropr\u00e0ctic<\/strong><\/a>, nuestro equipo de fisioterapeutas est\u00e1 comprometido con su bienestar. Valoramos cada paso en el viaje hacia una salud \u00f3ptima y trabajamos con ustedes para desarrollar planes de tratamiento personalizados y efectivos. Conf\u00ede en nosotros para darle la atenci\u00f3n profesional y compasiva que se merece, enfoc\u00e1ndonos en su recuperaci\u00f3n.<\/p>\n\t\t\t\t\t\t\t\t<\/div>\n\t\t\t\t<\/div>\n\t\t\t\t\t<\/div>\n\t\t<\/div>\n\t\t\t\t<div class=\"elementor-column elementor-col-50 elementor-top-column elementor-element elementor-element-46ff872\" data-id=\"46ff872\" data-element_type=\"column\">\n\t\t\t<div class=\"elementor-widget-wrap elementor-element-populated\">\n\t\t\t\t\t\t<div class=\"elementor-element elementor-element-8fb494d gallery-spacing-custom elementor-widget elementor-widget-image-gallery\" data-id=\"8fb494d\" data-element_type=\"widget\" data-widget_type=\"image-gallery.default\">\n\t\t\t\t<div class=\"elementor-widget-container\">\n\t\t\t\t\t\t\t<div class=\"elementor-image-gallery\">\n\t\t\t<div id='gallery-1' class='gallery galleryid-4744 gallery-columns-1 gallery-size-full'><figure class='gallery-item'>\n\t\t\t<div class='gallery-icon landscape'>\n\t\t\t\t<a data-elementor-open-lightbox=\"yes\" data-elementor-lightbox-slideshow=\"8fb494d\" data-elementor-lightbox-title=\"Fisioterapia Salut 360 Quiropr\u00e0ctic Palafrugell\" data-e-action-hash=\"#elementor-action%3Aaction%3Dlightbox%26settings%3DeyJpZCI6NDU1OSwidXJsIjoiaHR0cHM6XC9cL3NhbHV0MzYwLmNvbVwvd3AtY29udGVudFwvdXBsb2Fkc1wvMjAyNFwvMDJcL0Zpc2lvdGVyYXBpYS1ob2xpdGljLndlYnAiLCJzbGlkZXNob3ciOiI4ZmI0OTRkIn0%3D\" href='https:\/\/salut360.com\/wp-content\/uploads\/2024\/02\/Fisioterapia-holitic.webp'><img fetchpriority=\"high\" decoding=\"async\" width=\"850\" height=\"550\" src=\"https:\/\/salut360.com\/wp-content\/uploads\/2024\/02\/Fisioterapia-holitic.webp\" class=\"attachment-full size-full\" alt=\"Fisioter\u00e0pia a Salut 360 Quiropr\u00e0ctica de Palafrugell\" srcset=\"https:\/\/salut360.com\/wp-content\/uploads\/2024\/02\/Fisioterapia-holitic.webp 850w, https:\/\/salut360.com\/wp-content\/uploads\/2024\/02\/Fisioterapia-holitic-300x194.webp 300w, https:\/\/salut360.com\/wp-content\/uploads\/2024\/02\/Fisioterapia-holitic-768x497.webp 768w, https:\/\/salut360.com\/wp-content\/uploads\/2024\/02\/Fisioterapia-holitic-380x245.webp 380w, https:\/\/salut360.com\/wp-content\/uploads\/2024\/02\/Fisioterapia-holitic-600x388.webp 600w\" sizes=\"(max-width: 850px) 100vw, 850px\" \/><\/a>\n\t\t\t<\/div><\/figure><figure class='gallery-item'>\n\t\t\t<div class='gallery-icon landscape'>\n\t\t\t\t<a data-elementor-open-lightbox=\"yes\" data-elementor-lightbox-slideshow=\"8fb494d\" data-elementor-lightbox-title=\"Fisioterapia Salut 360 Quiropr\u00e0ctic Palafrugell\" data-e-action-hash=\"#elementor-action%3Aaction%3Dlightbox%26settings%3DeyJpZCI6NDU2MSwidXJsIjoiaHR0cHM6XC9cL3NhbHV0MzYwLmNvbVwvd3AtY29udGVudFwvdXBsb2Fkc1wvMjAyNFwvMDJcL0Zpc2lvdGVyYXBpYS53ZWJwIiwic2xpZGVzaG93IjoiOGZiNDk0ZCJ9\" href='https:\/\/salut360.com\/wp-content\/uploads\/2024\/02\/Fisioterapia.webp'><img decoding=\"async\" width=\"850\" height=\"550\" src=\"https:\/\/salut360.com\/wp-content\/uploads\/2024\/02\/Fisioterapia.webp\" class=\"attachment-full size-full\" alt=\"Fisioter\u00e0pia a Salut 360 Quiropr\u00e0ctica de Palafrugell\" srcset=\"https:\/\/salut360.com\/wp-content\/uploads\/2024\/02\/Fisioterapia.webp 850w, https:\/\/salut360.com\/wp-content\/uploads\/2024\/02\/Fisioterapia-300x194.webp 300w, https:\/\/salut360.com\/wp-content\/uploads\/2024\/02\/Fisioterapia-768x497.webp 768w, https:\/\/salut360.com\/wp-content\/uploads\/2024\/02\/Fisioterapia-380x245.webp 380w, https:\/\/salut360.com\/wp-content\/uploads\/2024\/02\/Fisioterapia-600x388.webp 600w\" sizes=\"(max-width: 850px) 100vw, 850px\" \/><\/a>\n\t\t\t<\/div><\/figure>\n\t\t<\/div>\n\t\t<\/div>\n\t\t\t\t\t\t<\/div>\n\t\t\t\t<\/div>\n\t\t\t\t\t<\/div>\n\t\t<\/div>\n\t\t\t\t\t<\/div>\n\t\t<\/section>\n\t\t\t\t<section class=\"elementor-section elementor-top-section elementor-element elementor-element-af76380 elementor-section-boxed elementor-section-height-default elementor-section-height-default\" data-id=\"af76380\" data-element_type=\"section\">\n\t\t\t\t\t\t<div class=\"elementor-container elementor-column-gap-default\">\n\t\t\t\t\t<div class=\"elementor-column elementor-col-100 elementor-top-column elementor-element elementor-element-00c3f99\" data-id=\"00c3f99\" data-element_type=\"column\">\n\t\t\t<div class=\"elementor-widget-wrap elementor-element-populated\">\n\t\t\t\t\t\t<div class=\"elementor-element elementor-element-60ffa4f elementor-widget elementor-widget-heading\" data-id=\"60ffa4f\" data-element_type=\"widget\" data-widget_type=\"heading.default\">\n\t\t\t\t<div class=\"elementor-widget-container\">\n\t\t\t\t\t<h2 class=\"elementor-heading-title elementor-size-default\">Beneficios de la fisioterapia<\/h2>\t\t\t\t<\/div>\n\t\t\t\t<\/div>\n\t\t\t\t\t<\/div>\n\t\t<\/div>\n\t\t\t\t\t<\/div>\n\t\t<\/section>\n\t\t\t\t<section class=\"elementor-section elementor-top-section elementor-element elementor-element-1f6f59f elementor-section-boxed elementor-section-height-default elementor-section-height-default\" data-id=\"1f6f59f\" data-element_type=\"section\">\n\t\t\t\t\t\t<div class=\"elementor-container elementor-column-gap-narrow\">\n\t\t\t\t\t<div class=\"elementor-column elementor-col-25 elementor-top-column elementor-element elementor-element-6599e8e\" data-id=\"6599e8e\" data-element_type=\"column\">\n\t\t\t<div class=\"elementor-widget-wrap elementor-element-populated\">\n\t\t\t\t\t\t<div class=\"elementor-element elementor-element-0166ecf elementor-widget elementor-widget-qt-icon-box\" data-id=\"0166ecf\" data-element_type=\"widget\" data-widget_type=\"qt-icon-box.default\">\n\t\t\t\t<div class=\"elementor-widget-container\">\n\t\t\t\t\t\n            <div class=\"icon__box layout__2 icon__top align__center \">\n\n        \n            \n                <div class=\"icon__box__icon\">\n                    <svg aria-hidden=\"true\" class=\"e-font-icon-svg e-fas-sync\" viewBox=\"0 0 512 512\" xmlns=\"http:\/\/www.w3.org\/2000\/svg\"><path d=\"M440.65 12.57l4 82.77A247.16 247.16 0 0 0 255.83 8C134.73 8 33.91 94.92 12.29 209.82A12 12 0 0 0 24.09 224h49.05a12 12 0 0 0 11.67-9.26 175.91 175.91 0 0 1 317-56.94l-101.46-4.86a12 12 0 0 0-12.57 12v47.41a12 12 0 0 0 12 12H500a12 12 0 0 0 12-12V12a12 12 0 0 0-12-12h-47.37a12 12 0 0 0-11.98 12.57zM255.83 432a175.61 175.61 0 0 1-146-77.8l101.8 4.87a12 12 0 0 0 12.57-12v-47.4a12 12 0 0 0-12-12H12a12 12 0 0 0-12 12V500a12 12 0 0 0 12 12h47.35a12 12 0 0 0 12-12.6l-4.15-82.57A247.17 247.17 0 0 0 255.83 504c121.11 0 221.93-86.92 243.55-201.82a12 12 0 0 0-11.8-14.18h-49.05a12 12 0 0 0-11.67 9.26A175.86 175.86 0 0 1 255.83 432z\"><\/path><\/svg>                <\/div>\n\n            \n            <div class=\"icon__box__content\">\n\n                \n                    <h5 class=\"icon__box__heading\">Recuperaci\u00f3 Funcional<\/h5>\n\n                \n                \n            <\/div>\n\n        <\/div>\n        \n    \t\t\t\t<\/div>\n\t\t\t\t<\/div>\n\t\t\t\t\t<\/div>\n\t\t<\/div>\n\t\t\t\t<div class=\"elementor-column elementor-col-25 elementor-top-column elementor-element elementor-element-cd68955\" data-id=\"cd68955\" data-element_type=\"column\">\n\t\t\t<div class=\"elementor-widget-wrap elementor-element-populated\">\n\t\t\t\t\t\t<div class=\"elementor-element elementor-element-86e72a9 elementor-widget elementor-widget-qt-icon-box\" data-id=\"86e72a9\" data-element_type=\"widget\" data-widget_type=\"qt-icon-box.default\">\n\t\t\t\t<div class=\"elementor-widget-container\">\n\t\t\t\t\t\n            <div class=\"icon__box layout__2 icon__top align__center \">\n\n        \n            \n                <div class=\"icon__box__icon\">\n                    <svg aria-hidden=\"true\" class=\"e-font-icon-svg e-fas-user-alt\" viewBox=\"0 0 512 512\" xmlns=\"http:\/\/www.w3.org\/2000\/svg\"><path d=\"M256 288c79.5 0 144-64.5 144-144S335.5 0 256 0 112 64.5 112 144s64.5 144 144 144zm128 32h-55.1c-22.2 10.2-46.9 16-72.9 16s-50.6-5.8-72.9-16H128C57.3 320 0 377.3 0 448v16c0 26.5 21.5 48 48 48h416c26.5 0 48-21.5 48-48v-16c0-70.7-57.3-128-128-128z\"><\/path><\/svg>                <\/div>\n\n            \n            <div class=\"icon__box__content\">\n\n                \n                    <h5 class=\"icon__box__heading\">Alleujament del dolor<\/h5>\n\n                \n                \n            <\/div>\n\n        <\/div>\n        \n    \t\t\t\t<\/div>\n\t\t\t\t<\/div>\n\t\t\t\t\t<\/div>\n\t\t<\/div>\n\t\t\t\t<div class=\"elementor-column elementor-col-25 elementor-top-column elementor-element elementor-element-f931a16\" data-id=\"f931a16\" data-element_type=\"column\">\n\t\t\t<div class=\"elementor-widget-wrap elementor-element-populated\">\n\t\t\t\t\t\t<div class=\"elementor-element elementor-element-ec6f472 elementor-widget elementor-widget-qt-icon-box\" data-id=\"ec6f472\" data-element_type=\"widget\" data-widget_type=\"qt-icon-box.default\">\n\t\t\t\t<div class=\"elementor-widget-container\">\n\t\t\t\t\t\n            <div class=\"icon__box layout__2 icon__top align__center \">\n\n        \n            \n                <div class=\"icon__box__icon\">\n                    <svg aria-hidden=\"true\" class=\"e-font-icon-svg e-fas-theater-masks\" viewBox=\"0 0 640 512\" xmlns=\"http:\/\/www.w3.org\/2000\/svg\"><path d=\"M206.86 245.15c-35.88 10.45-59.95 41.2-57.53 74.1 11.4-12.72 28.81-23.7 49.9-30.92l7.63-43.18zM95.81 295L64.08 115.49c-.29-1.62.28-2.62.24-2.65 57.76-32.06 123.12-49.01 189.01-49.01 1.61 0 3.23.17 4.85.19 13.95-13.47 31.73-22.83 51.59-26 18.89-3.02 38.05-4.55 57.18-5.32-9.99-13.95-24.48-24.23-41.77-27C301.27 1.89 277.24 0 253.32 0 176.66 0 101.02 19.42 33.2 57.06 9.03 70.48-3.92 98.48 1.05 126.58l31.73 179.51c14.23 80.52 136.33 142.08 204.45 142.08 3.59 0 6.75-.46 10.01-.8-13.52-17.08-28.94-40.48-39.5-67.58-47.61-12.98-106.06-51.62-111.93-84.79zm97.55-137.46c-.73-4.12-2.23-7.87-4.07-11.4-8.25 8.91-20.67 15.75-35.32 18.32-14.65 2.58-28.67.4-39.48-5.17-.52 3.94-.64 7.98.09 12.1 3.84 21.7 24.58 36.19 46.34 32.37 21.75-3.82 36.28-24.52 32.44-46.22zM606.8 120.9c-88.98-49.38-191.43-67.41-291.98-51.35-27.31 4.36-49.08 26.26-54.04 54.36l-31.73 179.51c-15.39 87.05 95.28 196.27 158.31 207.35 63.03 11.09 204.47-53.79 219.86-140.84l31.73-179.51c4.97-28.11-7.98-56.11-32.15-69.52zm-273.24 96.8c3.84-21.7 24.58-36.19 46.34-32.36 21.76 3.83 36.28 24.52 32.45 46.22-.73 4.12-2.23 7.87-4.07 11.4-8.25-8.91-20.67-15.75-35.32-18.32-14.65-2.58-28.67-.4-39.48 5.17-.53-3.95-.65-7.99.08-12.11zm70.47 198.76c-55.68-9.79-93.52-59.27-89.04-112.9 20.6 25.54 56.21 46.17 99.49 53.78 43.28 7.61 83.82.37 111.93-16.6-14.18 51.94-66.71 85.51-122.38 75.72zm130.3-151.34c-8.25-8.91-20.68-15.75-35.33-18.32-14.65-2.58-28.67-.4-39.48 5.17-.52-3.94-.64-7.98.09-12.1 3.84-21.7 24.58-36.19 46.34-32.37 21.75 3.83 36.28 24.52 32.45 46.22-.73 4.13-2.23 7.88-4.07 11.4z\"><\/path><\/svg>                <\/div>\n\n            \n            <div class=\"icon__box__content\">\n\n                \n                    <h5 class=\"icon__box__heading\">Millor Postura i Ergonomia<\/h5>\n\n                \n                \n            <\/div>\n\n        <\/div>\n        \n    \t\t\t\t<\/div>\n\t\t\t\t<\/div>\n\t\t\t\t\t<\/div>\n\t\t<\/div>\n\t\t\t\t<div class=\"elementor-column elementor-col-25 elementor-top-column elementor-element elementor-element-e3c2b9e\" data-id=\"e3c2b9e\" data-element_type=\"column\">\n\t\t\t<div class=\"elementor-widget-wrap elementor-element-populated\">\n\t\t\t\t\t\t<div class=\"elementor-element elementor-element-977b413 elementor-widget elementor-widget-qt-icon-box\" data-id=\"977b413\" data-element_type=\"widget\" data-widget_type=\"qt-icon-box.default\">\n\t\t\t\t<div class=\"elementor-widget-container\">\n\t\t\t\t\t\n            <div class=\"icon__box layout__2 icon__top align__center \">\n\n        \n            \n                <div class=\"icon__box__icon\">\n                    <svg aria-hidden=\"true\" class=\"e-font-icon-svg e-fas-water\" viewBox=\"0 0 576 512\" xmlns=\"http:\/\/www.w3.org\/2000\/svg\"><path d=\"M562.1 383.9c-21.5-2.4-42.1-10.5-57.9-22.9-14.1-11.1-34.2-11.3-48.2 0-37.9 30.4-107.2 30.4-145.7-1.5-13.5-11.2-33-9.1-46.7 1.8-38 30.1-106.9 30-145.2-1.7-13.5-11.2-33.3-8.9-47.1 2-15.5 12.2-36 20.1-57.7 22.4-7.9.8-13.6 7.8-13.6 15.7v32.2c0 9.1 7.6 16.8 16.7 16 28.8-2.5 56.1-11.4 79.4-25.9 56.5 34.6 137 34.1 192 0 56.5 34.6 137 34.1 192 0 23.3 14.2 50.9 23.3 79.1 25.8 9.1.8 16.7-6.9 16.7-16v-31.6c.1-8-5.7-15.4-13.8-16.3zm0-144c-21.5-2.4-42.1-10.5-57.9-22.9-14.1-11.1-34.2-11.3-48.2 0-37.9 30.4-107.2 30.4-145.7-1.5-13.5-11.2-33-9.1-46.7 1.8-38 30.1-106.9 30-145.2-1.7-13.5-11.2-33.3-8.9-47.1 2-15.5 12.2-36 20.1-57.7 22.4-7.9.8-13.6 7.8-13.6 15.7v32.2c0 9.1 7.6 16.8 16.7 16 28.8-2.5 56.1-11.4 79.4-25.9 56.5 34.6 137 34.1 192 0 56.5 34.6 137 34.1 192 0 23.3 14.2 50.9 23.3 79.1 25.8 9.1.8 16.7-6.9 16.7-16v-31.6c.1-8-5.7-15.4-13.8-16.3zm0-144C540.6 93.4 520 85.4 504.2 73 490.1 61.9 470 61.7 456 73c-37.9 30.4-107.2 30.4-145.7-1.5-13.5-11.2-33-9.1-46.7 1.8-38 30.1-106.9 30-145.2-1.7-13.5-11.2-33.3-8.9-47.1 2-15.5 12.2-36 20.1-57.7 22.4-7.9.8-13.6 7.8-13.6 15.7v32.2c0 9.1 7.6 16.8 16.7 16 28.8-2.5 56.1-11.4 79.4-25.9 56.5 34.6 137 34.1 192 0 56.5 34.6 137 34.1 192 0 23.3 14.2 50.9 23.3 79.1 25.8 9.1.8 16.7-6.9 16.7-16v-31.6c.1-8-5.7-15.4-13.8-16.3z\"><\/path><\/svg>                <\/div>\n\n            \n            <div class=\"icon__box__content\">\n\n                \n                    <h5 class=\"icon__box__heading\">Benestar General<\/h5>\n\n                \n                \n            <\/div>\n\n        <\/div>\n        \n    \t\t\t\t<\/div>\n\t\t\t\t<\/div>\n\t\t\t\t\t<\/div>\n\t\t<\/div>\n\t\t\t\t\t<\/div>\n\t\t<\/section>\n\t\t\t\t<\/div>\n\t\t","protected":false},"excerpt":{"rendered":"<p>La fisioterapia es un campo terap\u00e9utico que se centra en mejorar la movilidad, la funci\u00f3n f\u00edsica y el bienestar general de las personas. Los fisioterapeutas utilizan una variedad de t\u00e9cnicas y m\u00e9todos para tratar lesiones, recuperarse despu\u00e9s de cirug\u00edas, aliviar el dolor y mejorar la calidad de vida. Profesionales cualificados A Salut 360 Quiropr\u00e0ctic, entendemos&hellip;<\/p>\n","protected":false},"author":2,"featured_media":5217,"parent":4700,"menu_order":0,"comment_status":"closed","ping_status":"closed","template":"","meta":{"footnotes":""},"class_list":["post-4744","page","type-page","status-publish","has-post-thumbnail","hentry"],"acf":[],"aioseo_notices":[],"_links":{"self":[{"href":"https:\/\/salut360.com\/es\/wp-json\/wp\/v2\/pages\/4744","targetHints":{"allow":["GET"]}}],"collection":[{"href":"https:\/\/salut360.com\/es\/wp-json\/wp\/v2\/pages"}],"about":[{"href":"https:\/\/salut360.com\/es\/wp-json\/wp\/v2\/types\/page"}],"author":[{"embeddable":true,"href":"https:\/\/salut360.com\/es\/wp-json\/wp\/v2\/users\/2"}],"replies":[{"embeddable":true,"href":"https:\/\/salut360.com\/es\/wp-json\/wp\/v2\/comments?post=4744"}],"version-history":[{"count":0,"href":"https:\/\/salut360.com\/es\/wp-json\/wp\/v2\/pages\/4744\/revisions"}],"up":[{"embeddable":true,"href":"https:\/\/salut360.com\/es\/wp-json\/wp\/v2\/pages\/4700"}],"wp:featuredmedia":[{"embeddable":true,"href":"https:\/\/salut360.com\/es\/wp-json\/wp\/v2\/media\/5217"}],"wp:attachment":[{"href":"https:\/\/salut360.com\/es\/wp-json\/wp\/v2\/media?parent=4744"}],"curies":[{"name":"wp","href":"https:\/\/api.w.org\/{rel}","templated":true}]}}