{"id":4791,"date":"2020-02-12T14:57:30","date_gmt":"2020-02-12T13:57:30","guid":{"rendered":"https:\/\/salut360.online\/servicios-salut-360-quiropractic\/quiropractica\/"},"modified":"2024-03-01T20:54:58","modified_gmt":"2024-03-01T19:54:58","slug":"quiropractica","status":"publish","type":"page","link":"https:\/\/salut360.com\/es\/servicios-salut-360-quiropractic\/quiropractica\/","title":{"rendered":"Quiropr\u00e1ctica"},"content":{"rendered":"\t\t<div data-elementor-type=\"wp-page\" data-elementor-id=\"4791\" class=\"elementor elementor-4791 elementor-78\" data-elementor-post-type=\"page\">\n\t\t\t\t\t\t<section class=\"elementor-section elementor-top-section elementor-element elementor-element-272f823a elementor-section-boxed elementor-section-height-default elementor-section-height-default\" data-id=\"272f823a\" data-element_type=\"section\">\n\t\t\t\t\t\t<div class=\"elementor-container elementor-column-gap-default\">\n\t\t\t\t\t<div class=\"elementor-column elementor-col-100 elementor-top-column elementor-element elementor-element-31a6c3eb\" data-id=\"31a6c3eb\" data-element_type=\"column\">\n\t\t\t<div class=\"elementor-widget-wrap elementor-element-populated\">\n\t\t\t\t\t\t<div class=\"elementor-element elementor-element-11bbe7b7 elementor-widget elementor-widget-text-editor\" data-id=\"11bbe7b7\" data-element_type=\"widget\" data-widget_type=\"text-editor.default\">\n\t\t\t\t<div class=\"elementor-widget-container\">\n\t\t\t\t\t\t\t\t\t<p>La quiropr\u00e1ctica es un campo de atenci\u00f3n m\u00e9dica centrado en la relaci\u00f3n entre la estructura del cuerpo, especialmente la columna vertebral y su funcionamiento. Se basa en la premisa de que el cuerpo tiene una habilidad innata para curar y mantenerse saludable cuando el sistema nervioso funciona correctamente. Los quiropr\u00e1cticos utilizan enfoques no invasivos y t\u00e9cnicas manuales para corregir el alineamiento vertebral y liberar el potencial de curaci\u00f3n del cuerpo.<\/p>\n\t\t\t\t\t\t\t\t<\/div>\n\t\t\t\t<\/div>\n\t\t\t\t\t<\/div>\n\t\t<\/div>\n\t\t\t\t\t<\/div>\n\t\t<\/section>\n\t\t\t\t<section class=\"elementor-section elementor-top-section elementor-element elementor-element-18555ca4 elementor-section-boxed elementor-section-height-default elementor-section-height-default\" data-id=\"18555ca4\" data-element_type=\"section\">\n\t\t\t\t\t\t<div class=\"elementor-container elementor-column-gap-extended\">\n\t\t\t\t\t<div class=\"elementor-column elementor-col-50 elementor-top-column elementor-element elementor-element-476cdc66\" data-id=\"476cdc66\" data-element_type=\"column\">\n\t\t\t<div class=\"elementor-widget-wrap elementor-element-populated\">\n\t\t\t\t\t\t<div class=\"elementor-element elementor-element-8500ed2 elementor-widget elementor-widget-heading\" data-id=\"8500ed2\" data-element_type=\"widget\" data-widget_type=\"heading.default\">\n\t\t\t\t<div class=\"elementor-widget-container\">\n\t\t\t\t\t<h2 class=\"elementor-heading-title elementor-size-default\">Filosof\u00eda Salut 360 Quiropr\u00e0ctic<\/h2>\t\t\t\t<\/div>\n\t\t\t\t<\/div>\n\t\t\t\t<div class=\"elementor-element elementor-element-2ea21fbf elementor-widget elementor-widget-text-editor\" data-id=\"2ea21fbf\" data-element_type=\"widget\" data-widget_type=\"text-editor.default\">\n\t\t\t\t<div class=\"elementor-widget-container\">\n\t\t\t\t\t\t\t\t\t<p>Se basa en la creencia de que cada individuo merece experimentar una vida plena y saludable. Nuestros especialistas en quiropr\u00e1ctica se dedican a evaluar minuciosamente la columna vertebral y el sistema nervioso para identificar desalineaciones y bloqueos que puedan afectar a la salud general.<\/p>\n<p>Trabajamos con precisi\u00f3n y cuidado para realizar ajustes quiropr\u00e1cticos personalizados, utilizando t\u00e9cnicas manuales suaves y espec\u00edficas para restaurar el alineamiento \u00f3ptimo de la columna vertebral. Este enfoque no s\u00f3lo alivia el dolor, sino que tambi\u00e9n aborda la causa subyacente, permitiendo que el cuerpo funcione en su m\u00e1ximo potencial.<\/p>\n\t\t\t\t\t\t\t\t<\/div>\n\t\t\t\t<\/div>\n\t\t\t\t<div class=\"elementor-element elementor-element-a18839a elementor-widget elementor-widget-heading\" data-id=\"a18839a\" data-element_type=\"widget\" data-widget_type=\"heading.default\">\n\t\t\t\t<div class=\"elementor-widget-container\">\n\t\t\t\t\t<h2 class=\"elementor-heading-title elementor-size-default\">\u00bfPor qu\u00e9 elegir Salut 360 Quiropr\u00e0ctic?<\/h2>\t\t\t\t<\/div>\n\t\t\t\t<\/div>\n\t\t\t\t<div class=\"elementor-element elementor-element-472bacb3 elementor-widget elementor-widget-text-editor\" data-id=\"472bacb3\" data-element_type=\"widget\" data-widget_type=\"text-editor.default\">\n\t\t\t\t<div class=\"elementor-widget-container\">\n\t\t\t\t\t\t\t\t\t<p>Nuestro compromiso es prestar atenci\u00f3n de alta calidad en un entorno acogedor y profesional. Nos esforzamos por comprender las necesidades \u00fanicas de cada paciente, fomentando una relaci\u00f3n emp\u00e1tica y de confianza. Creemos que todos, desde atletas de alto rendimiento hasta aquellos que buscan mejorar la calidad de vida, pueden beneficiarse de la quiropr\u00e1ctica como forma natural y efectiva de cuidado de la salud.<\/p>\n\t\t\t\t\t\t\t\t<\/div>\n\t\t\t\t<\/div>\n\t\t\t\t\t<\/div>\n\t\t<\/div>\n\t\t\t\t<div class=\"elementor-column elementor-col-50 elementor-top-column elementor-element elementor-element-3e3a8080\" data-id=\"3e3a8080\" data-element_type=\"column\">\n\t\t\t<div class=\"elementor-widget-wrap elementor-element-populated\">\n\t\t\t\t\t\t<div class=\"elementor-element elementor-element-255ca7c gallery-spacing-custom elementor-widget elementor-widget-image-gallery\" data-id=\"255ca7c\" data-element_type=\"widget\" data-widget_type=\"image-gallery.default\">\n\t\t\t\t<div class=\"elementor-widget-container\">\n\t\t\t\t\t\t\t<div class=\"elementor-image-gallery\">\n\t\t\t<div id='gallery-1' class='gallery galleryid-4791 gallery-columns-1 gallery-size-full'><figure class='gallery-item'>\n\t\t\t<div class='gallery-icon landscape'>\n\t\t\t\t<a data-elementor-open-lightbox=\"yes\" data-elementor-lightbox-slideshow=\"255ca7c\" data-elementor-lightbox-title=\"Salut-360-Quiropr\u00e0ctic\" data-e-action-hash=\"#elementor-action%3Aaction%3Dlightbox%26settings%3DeyJpZCI6NDU0OSwidXJsIjoiaHR0cHM6XC9cL3NhbHV0MzYwLmNvbVwvd3AtY29udGVudFwvdXBsb2Fkc1wvMjAyNFwvMDJcL1NhbHV0LTM2MC1RdWlyb3ByYWN0aWMud2VicCIsInNsaWRlc2hvdyI6IjI1NWNhN2MifQ%3D%3D\" href='https:\/\/salut360.com\/wp-content\/uploads\/2024\/02\/Salut-360-Quiropractic.webp'><img fetchpriority=\"high\" decoding=\"async\" width=\"850\" height=\"550\" src=\"https:\/\/salut360.com\/wp-content\/uploads\/2024\/02\/Salut-360-Quiropractic.webp\" class=\"attachment-full size-full\" alt=\"Salut 360 Quiropr\u00e0ctica a Palafrugell, Girona i la Bisbal d&#039;Empord\u00e0.\" srcset=\"https:\/\/salut360.com\/wp-content\/uploads\/2024\/02\/Salut-360-Quiropractic.webp 850w, https:\/\/salut360.com\/wp-content\/uploads\/2024\/02\/Salut-360-Quiropractic-300x194.webp 300w, https:\/\/salut360.com\/wp-content\/uploads\/2024\/02\/Salut-360-Quiropractic-768x497.webp 768w, https:\/\/salut360.com\/wp-content\/uploads\/2024\/02\/Salut-360-Quiropractic-380x245.webp 380w, https:\/\/salut360.com\/wp-content\/uploads\/2024\/02\/Salut-360-Quiropractic-600x388.webp 600w\" sizes=\"(max-width: 850px) 100vw, 850px\" \/><\/a>\n\t\t\t<\/div><\/figure><figure class='gallery-item'>\n\t\t\t<div class='gallery-icon landscape'>\n\t\t\t\t<a data-elementor-open-lightbox=\"yes\" data-elementor-lightbox-slideshow=\"255ca7c\" data-elementor-lightbox-title=\"Quiropr\u00e0ctica\" data-e-action-hash=\"#elementor-action%3Aaction%3Dlightbox%26settings%3DeyJpZCI6NDU1MiwidXJsIjoiaHR0cHM6XC9cL3NhbHV0MzYwLmNvbVwvd3AtY29udGVudFwvdXBsb2Fkc1wvMjAyNFwvMDJcL1F1aXJvcHJhY3RpY2Eud2VicCIsInNsaWRlc2hvdyI6IjI1NWNhN2MifQ%3D%3D\" href='https:\/\/salut360.com\/wp-content\/uploads\/2024\/02\/Quiropractica.webp'><img decoding=\"async\" width=\"850\" height=\"550\" src=\"https:\/\/salut360.com\/wp-content\/uploads\/2024\/02\/Quiropractica.webp\" class=\"attachment-full size-full\" alt=\"Quiropr\u00e0ctica Palafrugell amb Cindy Vilahur\" srcset=\"https:\/\/salut360.com\/wp-content\/uploads\/2024\/02\/Quiropractica.webp 850w, https:\/\/salut360.com\/wp-content\/uploads\/2024\/02\/Quiropractica-300x194.webp 300w, https:\/\/salut360.com\/wp-content\/uploads\/2024\/02\/Quiropractica-768x497.webp 768w, https:\/\/salut360.com\/wp-content\/uploads\/2024\/02\/Quiropractica-380x245.webp 380w, https:\/\/salut360.com\/wp-content\/uploads\/2024\/02\/Quiropractica-600x388.webp 600w\" sizes=\"(max-width: 850px) 100vw, 850px\" \/><\/a>\n\t\t\t<\/div><\/figure>\n\t\t<\/div>\n\t\t<\/div>\n\t\t\t\t\t\t<\/div>\n\t\t\t\t<\/div>\n\t\t\t\t\t<\/div>\n\t\t<\/div>\n\t\t\t\t\t<\/div>\n\t\t<\/section>\n\t\t\t\t<section class=\"elementor-section elementor-top-section elementor-element elementor-element-518b40b3 elementor-section-boxed elementor-section-height-default elementor-section-height-default\" data-id=\"518b40b3\" data-element_type=\"section\">\n\t\t\t\t\t\t<div class=\"elementor-container elementor-column-gap-default\">\n\t\t\t\t\t<div class=\"elementor-column elementor-col-100 elementor-top-column elementor-element elementor-element-65ab97e6\" data-id=\"65ab97e6\" data-element_type=\"column\">\n\t\t\t<div class=\"elementor-widget-wrap elementor-element-populated\">\n\t\t\t\t\t\t<div class=\"elementor-element elementor-element-68dd584 elementor-widget elementor-widget-heading\" data-id=\"68dd584\" data-element_type=\"widget\" data-widget_type=\"heading.default\">\n\t\t\t\t<div class=\"elementor-widget-container\">\n\t\t\t\t\t<h2 class=\"elementor-heading-title elementor-size-default\">Beneficios de la quiropr\u00e1ctica<\/h2>\t\t\t\t<\/div>\n\t\t\t\t<\/div>\n\t\t\t\t\t<\/div>\n\t\t<\/div>\n\t\t\t\t\t<\/div>\n\t\t<\/section>\n\t\t\t\t<section class=\"elementor-section elementor-top-section elementor-element elementor-element-12b1c7f elementor-section-boxed elementor-section-height-default elementor-section-height-default\" data-id=\"12b1c7f\" data-element_type=\"section\">\n\t\t\t\t\t\t<div class=\"elementor-container elementor-column-gap-narrow\">\n\t\t\t\t\t<div class=\"elementor-column elementor-col-25 elementor-top-column elementor-element elementor-element-7f4c177e\" data-id=\"7f4c177e\" data-element_type=\"column\">\n\t\t\t<div class=\"elementor-widget-wrap elementor-element-populated\">\n\t\t\t\t\t\t<div class=\"elementor-element elementor-element-cbc7e29 elementor-widget elementor-widget-qt-icon-box\" data-id=\"cbc7e29\" data-element_type=\"widget\" data-widget_type=\"qt-icon-box.default\">\n\t\t\t\t<div class=\"elementor-widget-container\">\n\t\t\t\t\t\n            <div class=\"icon__box layout__2 icon__top align__center \">\n\n        \n            \n                <div class=\"icon__box__icon\">\n                    <svg aria-hidden=\"true\" class=\"e-font-icon-svg e-fas-surprise\" viewBox=\"0 0 496 512\" xmlns=\"http:\/\/www.w3.org\/2000\/svg\"><path d=\"M248 8C111 8 0 119 0 256s111 248 248 248 248-111 248-248S385 8 248 8zM136 208c0-17.7 14.3-32 32-32s32 14.3 32 32-14.3 32-32 32-32-14.3-32-32zm112 208c-35.3 0-64-28.7-64-64s28.7-64 64-64 64 28.7 64 64-28.7 64-64 64zm80-176c-17.7 0-32-14.3-32-32s14.3-32 32-32 32 14.3 32 32-14.3 32-32 32z\"><\/path><\/svg>                <\/div>\n\n            \n            <div class=\"icon__box__content\">\n\n                \n                    <h5 class=\"icon__box__heading\">Alivio del dolor<\/h5>\n\n                \n                \n            <\/div>\n\n        <\/div>\n        \n    \t\t\t\t<\/div>\n\t\t\t\t<\/div>\n\t\t\t\t\t<\/div>\n\t\t<\/div>\n\t\t\t\t<div class=\"elementor-column elementor-col-25 elementor-top-column elementor-element elementor-element-1f0ec9c0\" data-id=\"1f0ec9c0\" data-element_type=\"column\">\n\t\t\t<div class=\"elementor-widget-wrap elementor-element-populated\">\n\t\t\t\t\t\t<div class=\"elementor-element elementor-element-75eaad24 elementor-widget elementor-widget-qt-icon-box\" data-id=\"75eaad24\" data-element_type=\"widget\" data-widget_type=\"qt-icon-box.default\">\n\t\t\t\t<div class=\"elementor-widget-container\">\n\t\t\t\t\t\n            <div class=\"icon__box layout__2 icon__top align__center \">\n\n        \n            \n                <div class=\"icon__box__icon\">\n                    <svg aria-hidden=\"true\" class=\"e-font-icon-svg e-fas-sync-alt\" viewBox=\"0 0 512 512\" xmlns=\"http:\/\/www.w3.org\/2000\/svg\"><path d=\"M370.72 133.28C339.458 104.008 298.888 87.962 255.848 88c-77.458.068-144.328 53.178-162.791 126.85-1.344 5.363-6.122 9.15-11.651 9.15H24.103c-7.498 0-13.194-6.807-11.807-14.176C33.933 94.924 134.813 8 256 8c66.448 0 126.791 26.136 171.315 68.685L463.03 40.97C478.149 25.851 504 36.559 504 57.941V192c0 13.255-10.745 24-24 24H345.941c-21.382 0-32.09-25.851-16.971-40.971l41.75-41.749zM32 296h134.059c21.382 0 32.09 25.851 16.971 40.971l-41.75 41.75c31.262 29.273 71.835 45.319 114.876 45.28 77.418-.07 144.315-53.144 162.787-126.849 1.344-5.363 6.122-9.15 11.651-9.15h57.304c7.498 0 13.194 6.807 11.807 14.176C478.067 417.076 377.187 504 256 504c-66.448 0-126.791-26.136-171.315-68.685L48.97 471.03C33.851 486.149 8 475.441 8 454.059V320c0-13.255 10.745-24 24-24z\"><\/path><\/svg>                <\/div>\n\n            \n            <div class=\"icon__box__content\">\n\n                \n                    <h5 class=\"icon__box__heading\">Mejora postural<\/h5>\n\n                \n                \n            <\/div>\n\n        <\/div>\n        \n    \t\t\t\t<\/div>\n\t\t\t\t<\/div>\n\t\t\t\t\t<\/div>\n\t\t<\/div>\n\t\t\t\t<div class=\"elementor-column elementor-col-25 elementor-top-column elementor-element elementor-element-35c60083\" data-id=\"35c60083\" data-element_type=\"column\">\n\t\t\t<div class=\"elementor-widget-wrap elementor-element-populated\">\n\t\t\t\t\t\t<div class=\"elementor-element elementor-element-7f38e2e2 elementor-widget elementor-widget-qt-icon-box\" data-id=\"7f38e2e2\" data-element_type=\"widget\" data-widget_type=\"qt-icon-box.default\">\n\t\t\t\t<div class=\"elementor-widget-container\">\n\t\t\t\t\t\n            <div class=\"icon__box layout__2 icon__top align__center \">\n\n        \n            \n                <div class=\"icon__box__icon\">\n                    <svg aria-hidden=\"true\" class=\"e-font-icon-svg e-fas-atom\" viewBox=\"0 0 448 512\" xmlns=\"http:\/\/www.w3.org\/2000\/svg\"><path d=\"M223.99908,224a32,32,0,1,0,32.00782,32A32.06431,32.06431,0,0,0,223.99908,224Zm214.172-96c-10.877-19.5-40.50979-50.75-116.27544-41.875C300.39168,34.875,267.63386,0,223.99908,0s-76.39066,34.875-97.89653,86.125C50.3369,77.375,20.706,108.5,9.82907,128-6.54984,157.375-5.17484,201.125,34.958,256-5.17484,310.875-6.54984,354.625,9.82907,384c29.13087,52.375,101.64652,43.625,116.27348,41.875C147.60842,477.125,180.36429,512,223.99908,512s76.3926-34.875,97.89652-86.125c14.62891,1.75,87.14456,10.5,116.27544-41.875C454.55,354.625,453.175,310.875,413.04017,256,453.175,201.125,454.55,157.375,438.171,128ZM63.33886,352c-4-7.25-.125-24.75,15.00391-48.25,6.87695,6.5,14.12891,12.875,21.88087,19.125,1.625,13.75,4,27.125,6.75,40.125C82.34472,363.875,67.09081,358.625,63.33886,352Zm36.88478-162.875c-7.752,6.25-15.00392,12.625-21.88087,19.125-15.12891-23.5-19.00392-41-15.00391-48.25,3.377-6.125,16.37891-11.5,37.88478-11.5,1.75,0,3.875.375,5.75.375C104.09864,162.25,101.84864,175.625,100.22364,189.125ZM223.99908,64c9.50195,0,22.25586,13.5,33.88282,37.25-11.252,3.75-22.50391,8-33.88282,12.875-11.377-4.875-22.62892-9.125-33.88283-12.875C201.74516,77.5,214.49712,64,223.99908,64Zm0,384c-9.502,0-22.25392-13.5-33.88283-37.25,11.25391-3.75,22.50587-8,33.88283-12.875C235.378,402.75,246.62994,407,257.8819,410.75,246.25494,434.5,233.501,448,223.99908,448Zm0-112a80,80,0,1,1,80-80A80.00023,80.00023,0,0,1,223.99908,336ZM384.6593,352c-3.625,6.625-19.00392,11.875-43.63479,11,2.752-13,5.127-26.375,6.752-40.125,7.75195-6.25,15.00391-12.625,21.87891-19.125C384.7843,327.25,388.6593,344.75,384.6593,352ZM369.65538,208.25c-6.875-6.5-14.127-12.875-21.87891-19.125-1.625-13.5-3.875-26.875-6.752-40.25,1.875,0,4.002-.375,5.752-.375,21.50391,0,34.50782,5.375,37.88283,11.5C388.6593,167.25,384.7843,184.75,369.65538,208.25Z\"><\/path><\/svg>                <\/div>\n\n            \n            <div class=\"icon__box__content\">\n\n                \n                    <h5 class=\"icon__box__heading\">Movilidad incrementada<\/h5>\n\n                \n                \n            <\/div>\n\n        <\/div>\n        \n    \t\t\t\t<\/div>\n\t\t\t\t<\/div>\n\t\t\t\t\t<\/div>\n\t\t<\/div>\n\t\t\t\t<div class=\"elementor-column elementor-col-25 elementor-top-column elementor-element elementor-element-30a8e7bc\" data-id=\"30a8e7bc\" data-element_type=\"column\">\n\t\t\t<div class=\"elementor-widget-wrap elementor-element-populated\">\n\t\t\t\t\t\t<div class=\"elementor-element elementor-element-bc199eb elementor-widget elementor-widget-qt-icon-box\" data-id=\"bc199eb\" data-element_type=\"widget\" data-widget_type=\"qt-icon-box.default\">\n\t\t\t\t<div class=\"elementor-widget-container\">\n\t\t\t\t\t\n            <div class=\"icon__box layout__2 icon__top align__center \">\n\n        \n            \n                <div class=\"icon__box__icon\">\n                    <svg aria-hidden=\"true\" class=\"e-font-icon-svg e-fas-sun\" viewBox=\"0 0 512 512\" xmlns=\"http:\/\/www.w3.org\/2000\/svg\"><path d=\"M256 160c-52.9 0-96 43.1-96 96s43.1 96 96 96 96-43.1 96-96-43.1-96-96-96zm246.4 80.5l-94.7-47.3 33.5-100.4c4.5-13.6-8.4-26.5-21.9-21.9l-100.4 33.5-47.4-94.8c-6.4-12.8-24.6-12.8-31 0l-47.3 94.7L92.7 70.8c-13.6-4.5-26.5 8.4-21.9 21.9l33.5 100.4-94.7 47.4c-12.8 6.4-12.8 24.6 0 31l94.7 47.3-33.5 100.5c-4.5 13.6 8.4 26.5 21.9 21.9l100.4-33.5 47.3 94.7c6.4 12.8 24.6 12.8 31 0l47.3-94.7 100.4 33.5c13.6 4.5 26.5-8.4 21.9-21.9l-33.5-100.4 94.7-47.3c13-6.5 13-24.7.2-31.1zm-155.9 106c-49.9 49.9-131.1 49.9-181 0-49.9-49.9-49.9-131.1 0-181 49.9-49.9 131.1-49.9 181 0 49.9 49.9 49.9 131.1 0 181z\"><\/path><\/svg>                <\/div>\n\n            \n            <div class=\"icon__box__content\">\n\n                \n                    <h5 class=\"icon__box__heading\">Bienestar hol\u00edstico<\/h5>\n\n                \n                \n            <\/div>\n\n        <\/div>\n        \n    \t\t\t\t<\/div>\n\t\t\t\t<\/div>\n\t\t\t\t\t<\/div>\n\t\t<\/div>\n\t\t\t\t\t<\/div>\n\t\t<\/section>\n\t\t\t\t<\/div>\n\t\t","protected":false},"excerpt":{"rendered":"<p>La quiropr\u00e1ctica es un campo de atenci\u00f3n m\u00e9dica centrado en la relaci\u00f3n entre la estructura del cuerpo, especialmente la columna vertebral y su funcionamiento. Se basa en la premisa de que el cuerpo tiene una habilidad innata para curar y mantenerse saludable cuando el sistema nervioso funciona correctamente. Los quiropr\u00e1cticos utilizan enfoques no invasivos y&hellip;<\/p>\n","protected":false},"author":2,"featured_media":3935,"parent":4700,"menu_order":0,"comment_status":"closed","ping_status":"closed","template":"","meta":{"footnotes":""},"class_list":["post-4791","page","type-page","status-publish","has-post-thumbnail","hentry"],"acf":[],"aioseo_notices":[],"_links":{"self":[{"href":"https:\/\/salut360.com\/es\/wp-json\/wp\/v2\/pages\/4791","targetHints":{"allow":["GET"]}}],"collection":[{"href":"https:\/\/salut360.com\/es\/wp-json\/wp\/v2\/pages"}],"about":[{"href":"https:\/\/salut360.com\/es\/wp-json\/wp\/v2\/types\/page"}],"author":[{"embeddable":true,"href":"https:\/\/salut360.com\/es\/wp-json\/wp\/v2\/users\/2"}],"replies":[{"embeddable":true,"href":"https:\/\/salut360.com\/es\/wp-json\/wp\/v2\/comments?post=4791"}],"version-history":[{"count":0,"href":"https:\/\/salut360.com\/es\/wp-json\/wp\/v2\/pages\/4791\/revisions"}],"up":[{"embeddable":true,"href":"https:\/\/salut360.com\/es\/wp-json\/wp\/v2\/pages\/4700"}],"wp:featuredmedia":[{"embeddable":true,"href":"https:\/\/salut360.com\/es\/wp-json\/wp\/v2\/media\/3935"}],"wp:attachment":[{"href":"https:\/\/salut360.com\/es\/wp-json\/wp\/v2\/media?parent=4791"}],"curies":[{"name":"wp","href":"https:\/\/api.w.org\/{rel}","templated":true}]}}