{"id":4845,"date":"2024-02-29T09:01:57","date_gmt":"2024-02-29T08:01:57","guid":{"rendered":"https:\/\/salut360.online\/politica-de-cookies-salut-360\/"},"modified":"2024-12-09T08:06:00","modified_gmt":"2024-12-09T07:06:00","slug":"politica-de-cookies-salut-360","status":"publish","type":"page","link":"https:\/\/salut360.com\/es\/politica-de-cookies-salut-360\/","title":{"rendered":"Pol\u00edtica de cookies Salut 360"},"content":{"rendered":"\t\t<div data-elementor-type=\"wp-page\" data-elementor-id=\"4845\" class=\"elementor elementor-4845 elementor-4625\" data-elementor-post-type=\"page\">\n\t\t\t\t\t\t<section class=\"elementor-section elementor-top-section elementor-element elementor-element-4225e141 elementor-section-boxed elementor-section-height-default elementor-section-height-default\" data-id=\"4225e141\" data-element_type=\"section\">\n\t\t\t\t\t\t<div class=\"elementor-container elementor-column-gap-default\">\n\t\t\t\t\t<div class=\"elementor-column elementor-col-100 elementor-top-column elementor-element elementor-element-499802d5\" data-id=\"499802d5\" data-element_type=\"column\">\n\t\t\t<div class=\"elementor-widget-wrap elementor-element-populated\">\n\t\t\t\t\t\t<div class=\"elementor-element elementor-element-3ff6f76a elementor-widget elementor-widget-text-editor\" data-id=\"3ff6f76a\" data-element_type=\"widget\" data-widget_type=\"text-editor.default\">\n\t\t\t\t<div class=\"elementor-widget-container\">\n\t\t\t\t\t\t\t\t\t<h2><strong>Pol\u00edtica de cookies<\/strong><\/h2><p>Actualizado en febrero de 2023.<\/p><p><span style=\"font-weight: 400;\">El sitio web <\/span><a title=\"Salut 360 Quiropr\u00e0ctic Palafrugell\" href=\"https:\/\/salut360.com\/es\/\"><strong>https:\/\/salut360.com\/<\/strong><\/a> <span style=\"font-weight: 400;\"> es responsabilidad de SALUT 360 QUIRO, S.L. (en adelanteSALUT 360), con domicilio social <\/span><span style=\"font-weight: 400;\">C\/Sant Sebasti\u00e0, 69 &#8211; 17200 &#8211; PALAFRUGELL (Girona) , amb CIF n\u00ba B55362446 <\/span><span style=\"font-weight: 400;\">y correo electr\u00f3nico: <\/span> <a href=\"mailto:info@salut360.com\"><strong>info@salut360.com<\/strong><\/a><\/p><p><span style=\"font-weight: 400;\">Consecuentemente, la utilizaci\u00f3n de cookies se le aplica la presente \u00abPol\u00edtica de Uso de Cookies\u00bb que ha sido elaborada para que el usuario quede informado de los diferentes usos que se llevan a cabo en estos dispositivos y pueda consentir su tratamiento de forma informada, de conformidad con lo previsto en la legislaci\u00f3n vigente.<\/span><\/p><h3>\u00bfQu\u00e9 es una cookie?<\/h3><p><span style=\"font-weight: 400;\">Una cookie es un archivo que se descarga en su ordenador al acceder al usuario a determinadas p\u00e1ginas web. Las cookies permiten a una p\u00e1gina web, entre otras cosas, almacenar y recuperar informaci\u00f3n sobre los h\u00e1bitos de navegaci\u00f3n de un usuario o de su equipo y, dependiendo de la informaci\u00f3n que contengan y de la forma en que utilice su equipo, se pueden utilizar para reconocer al usuario.<\/span><\/p><h3>\u00bfQu\u00e9 tipos de cookies hay?<\/h3><p><span style=\"font-weight: 400;\">Existen varios tipos de cookies en funci\u00f3n de diferentes criterios:<\/span><\/p><p><span style=\"font-weight: 400;\">En funci\u00f3n del tiempo que permanecen activadas:<\/span><\/p><ul><li style=\"font-weight: 400;\" aria-level=\"1\"><span style=\"font-weight: 400;\">Cookies de sesi\u00f3n. Son un tipo de cookies dise\u00f1adas para recabar y almacenar datos mientras el usuario accede a una p\u00e1gina web.<\/span><\/li><li style=\"font-weight: 400;\" aria-level=\"1\"><span style=\"font-weight: 400;\">Cookies permanentes: Son un tipo de cookies en el que los datos siguen almacenados en el terminal y pueden ser accedidos y tratados durante un per\u00edodo definido por el responsable de la cookie.<\/span><\/li><\/ul><p><span style=\"font-weight: 400;\">En funci\u00f3n de la titularidad:<\/span><\/p><ul><li style=\"font-weight: 400;\" aria-level=\"1\"><span style=\"font-weight: 400;\">Cookies propias. Son las que pertenecen a <strong>SALUT 360<\/strong> <\/span><\/li><li style=\"font-weight: 400;\" aria-level=\"1\"><span style=\"font-weight: 400;\">Cookies de terceros. Son aquellas cuya titularidad es de un tercero, distinto de <strong>SALUT 360<\/strong>, que ser\u00e1 quien trate la informaci\u00f3n recogida.<\/span><\/li><\/ul><p><span style=\"font-weight: 400;\">En funci\u00f3n de su finalidad:<\/span><\/p><ul><li style=\"font-weight: 400;\" aria-level=\"1\"><span style=\"font-weight: 400;\">Cookies t\u00e9cnicas y\/o de personalizaci\u00f3n. Son aqu\u00e9llas que sirven para mejorar el servicio, localizar incidencias, reconocer al usuario, etc.<\/span><\/li><li style=\"font-weight: 400;\" aria-level=\"1\"><span style=\"font-weight: 400;\">Cookies de an\u00e1lisis y\/o publicidad. Son aqu\u00e9llas que sirven para analizar informaci\u00f3n sobre la navegaci\u00f3n y ofrecer publicidad, sea gen\u00e9rica o personalizada.<\/span><\/li><\/ul><h3>\u00bfQu\u00e9 tipos de cookies son m\u00e1s habituales?<\/h3><p><span style=\"font-weight: 400;\"><strong>T\u00c8CNICAS<\/strong>: Son cookies PROPIAS, de sesi\u00f3n, identificaci\u00f3n, configuraci\u00f3n y registro, estrictamente necesarias para la identificaci\u00f3n del usuario y para la prestaci\u00f3n de los servicios solicitados por el usuario. La informaci\u00f3n obtenida a trav\u00e9s de las mismas es tratada \u00fanicamente por <strong>SALUT 360. <\/strong> <\/span><\/p><p><span style=\"font-weight: 400;\"><strong>DE AN\u00c1LISIS:<\/strong> Son aquellas que, bien tratadas por nosotros o por terceros, nos permiten cuantificar el n\u00famero de usuarios y as\u00ed realizar la medici\u00f3n y an\u00e1lisis estad\u00edstico de la utilizaci\u00f3n que realizan los usuarios del servicio ofrecido. Por eso se analiza su navegaci\u00f3n en nuestra p\u00e1gina web para mejorar la oferta de productos o servicios que le ofrecemos.<\/span><\/p><p><span style=\"font-weight: 400;\"><strong>DE PUBLICIDAD<\/strong>: Son aquellas que, bien tratadas por nosotros o por terceros, permiten la gesti\u00f3n, de la forma m\u00e1s eficaz posible, de los espacios publicitarios que pudieran incluirse en nuestra p\u00e1gina web y\/o almacenan informaci\u00f3n del comportamiento de los usuarios obtenida a trav\u00e9s del observaci\u00f3n continuada. Gracias a ellas, podemos conocer los h\u00e1bitos de navegaci\u00f3n en Internet y mostrarle publicidad relacionada con su perfil de navegaci\u00f3n.<\/span><\/p><h3>\u00bfPara qu\u00e9 sirve una cookie?<\/h3><p><span style=\"font-weight: 400;\">Las cookies se utilizan para poder ofrecer servicios y\/o publicidad personalizados, para analizar el funcionamiento del sistema, reconocer cu\u00e1ndo accede como usuario, localizar incidencias y problemas que puedan surgir y solucionar en el menor plazo posible, as\u00ed como analizar y medir el uso y actividad de la p\u00e1gina web.<\/span><\/p><h3>\u00bfSe necesita mi consentimiento para implantar una cookie?<\/h3><p><span style=\"font-weight: 400;\">No es necesario el consentimiento para la instalaci\u00f3n de cookies t\u00e9cnicas o las que sean estrictamente necesarias para la prestaci\u00f3n de un servicio de la sociedad de la informaci\u00f3n expresamente solicitado por el destinatario.<\/span><\/p><p><span style=\"font-weight: 400;\">Para el resto, s\u00ed se necesita el consentimiento del interesado que puede solicitarse por diferentes v\u00edas.<\/span><\/p><h3>\u00bfQu\u00e9 tipos de cookies utiliza esta p\u00e1gina web?<\/h3><p><span style=\"font-weight: 400;\">Cookies t\u00e9cnicas: Son aquellas creadas y gestionadas \u00fanicamente por nosotros, y permiten al usuario la navegaci\u00f3n a trav\u00e9s de nuestra p\u00e1gina web y la utilizaci\u00f3n de las diferentes opciones como, por ejemplo, identificar la sesi\u00f3n, personalizar informaci\u00f3n o acceder a zonas de acceso restringido.<\/span><\/p><p><span style=\"font-weight: 400;\">El sitio web de <strong>SALUT 360<\/strong>, utiliza Google Analytics, una herramienta de anal\u00edtica web desarrollada por Google, que ayuda a los propietarios de sitios web a medir c\u00f3mo interact\u00faan los usuarios con el contenido del sitio. Por la prestaci\u00f3n de estos servicios, Google Analytics utiliza cookies que recopilan la informaci\u00f3n, incluida la direcci\u00f3n IP del usuario que ser\u00e1 transmitida, tratada y almacenada por Google en los t\u00e9rminos fijados en la web Google.com.<\/span><\/p><p><span style=\"font-weight: 400;\">Para m\u00e1s informaci\u00f3n ver: <\/span><strong><a href=\"https:\/\/developers.google.com\/analytics\/devguides\/collection\/analyticsjs\/cookie-usage\">https:\/\/developers.google.com\/analytics\/devguides\/collection\/analyticsjs\/cookie-usage<\/a><\/strong><\/p><p><span style=\"font-weight: 400;\">El dominio web <\/span><a title=\"Salut 360 Quiropr\u00e0ctic Palafrugell\" href=\"https:\/\/salut360.com\/es\/\"><strong>https:\/\/salut360.com\/<\/strong><\/a><span style=\"font-weight: 400;\"> utilitza los siguientes tipos de cookies:<\/span><\/p><table style=\"height: 5378px;\" width=\"793\"><tbody><tr><td><p><a href=\"https:\/\/salut360.com\/\"><span style=\"font-weight: 400;\">Propiedad<\/span><\/a><\/p><\/td><td><p><a href=\"https:\/\/salut360.com\/\"><span style=\"font-weight: 400;\">Nombre de la cookie<\/span><\/a><\/p><\/td><td><p><a href=\"https:\/\/salut360.com\/\"><span style=\"font-weight: 400;\">Finalidad<\/span><\/a><\/p><\/td><td><p><a href=\"https:\/\/salut360.com\/\"><span style=\"font-weight: 400;\">Expira<\/span><\/a><\/p><\/td><\/tr><tr><td><p><a href=\"https:\/\/salut360.com\/\"><strong>https:\/\/salut360.com\/<\/strong><\/a><\/p><\/td><td><p><a href=\"https:\/\/salut360.com\/\"><span style=\"font-weight: 400;\">__Secure-1PSIDTS<\/span><\/a><\/p><\/td><td><p><a href=\"https:\/\/salut360.com\/\"><span style=\"font-weight: 400;\">Cookie necesaria por la utilizaci\u00f3n de las opciones y servicios del sitio web.<\/span><\/a><\/p><\/td><td><p><a href=\"https:\/\/salut360.com\/\"><span style=\"font-weight: 400;\">1 a\u00f1o<\/span><\/a><\/p><\/td><\/tr><tr><td><p><a href=\"https:\/\/salut360.com\/\"><strong>https:\/\/salut360.com\/<\/strong><\/a><\/p><\/td><td><p><a href=\"https:\/\/salut360.com\/\"><span style=\"font-weight: 400;\">__Secure-3PSIDTS<\/span><\/a><\/p><\/td><td><p><a href=\"https:\/\/salut360.com\/\"><span style=\"font-weight: 400;\">Estas cookies se utilizan para entregar anuncios m\u00e1s relevantes por el usuario y sus intereses.<\/span><\/a><\/p><\/td><td><p><a href=\"https:\/\/salut360.com\/\"><span style=\"font-weight: 400;\">2 a\u00f1os<\/span><\/a><\/p><\/td><\/tr><tr><td><p><a href=\"https:\/\/salut360.com\/\"><strong>https:\/\/salut360.com\/<\/strong><\/a><\/p><\/td><td><p><a href=\"https:\/\/salut360.com\/\"><span style=\"font-weight: 400;\">__Secure-ENID<\/span><\/a><\/p><\/td><td><p><a href=\"https:\/\/salut360.com\/\"><span style=\"font-weight: 400;\">Google permite personalizar c\u00f3mo se ven anuncios fuera de google o almacenar informaci\u00f3n como el idioma preferido a la hora de mostrar resultados de b\u00fasqueda.<\/span><\/a><\/p><\/td><td><p><a href=\"https:\/\/salut360.com\/\"><span style=\"font-weight: 400;\">2 a\u00f1os<\/span><\/a><\/p><\/td><\/tr><tr><td><p><a href=\"https:\/\/salut360.com\/\"><strong>https:\/\/salut360.com\/<\/strong><\/a><\/p><\/td><td><p><a href=\"https:\/\/salut360.com\/\"><span style=\"font-weight: 400;\">_ga<\/span><\/a><\/p><\/td><td><p><a href=\"https:\/\/salut360.com\/\"><span style=\"font-weight: 400;\">Habilita la funci\u00f3n de control de visitas \u00fanicas. La primera vez que un usuario entra en un sitio web a trav\u00e9s de un navegador se instalar\u00e1 esta cookie. Cuando ese usuario vuelva a entrar en la web con el mismo navegador, la cookie considerar\u00e1 que es el mismo usuario. S\u00f3lo en caso de que el usuario cambie de navegador, se considerar\u00e1 que es otro usuario.<\/span><\/a><\/p><\/td><td><p><a href=\"https:\/\/salut360.com\/\"><span style=\"font-weight: 400;\">2 a\u00f1os<\/span><\/a><\/p><\/td><\/tr><tr><td><p><a href=\"https:\/\/salut360.com\/\"><strong>https:\/\/salut360.com\/<\/strong><\/a><\/p><\/td><td><p><a href=\"https:\/\/salut360.com\/\"><span style=\"font-weight: 400;\">AEC<\/span><\/a><\/p><\/td><td><p><a href=\"https:\/\/salut360.com\/\"><span style=\"font-weight: 400;\">Cookie necesaria por la utilizaci\u00f3n de las opciones y servicios del sitio web.<\/span><\/a><\/p><\/td><td><p><a href=\"https:\/\/salut360.com\/\"><span style=\"font-weight: 400;\">1 a\u00f1o<\/span><\/a><\/p><\/td><\/tr><tr><td><p><a href=\"https:\/\/salut360.com\/\"><strong>https:\/\/salut360.com\/<\/strong><\/a><\/p><\/td><td><p><a href=\"https:\/\/salut360.com\/\"><span style=\"font-weight: 400;\">CONSENT<\/span><\/a><\/p><\/td><td><p><a href=\"https:\/\/salut360.com\/\"><span style=\"font-weight: 400;\">Se utiliza para almacenar el consentimiento del usuario.<\/span><\/a><\/p><\/td><td><p><a href=\"https:\/\/salut360.com\/\"><span style=\"font-weight: 400;\">2 a\u00f1os<\/span><\/a><\/p><\/td><\/tr><tr><td><p><a href=\"https:\/\/salut360.com\/\"><strong>https:\/\/salut360.com\/<\/strong><\/a><\/p><\/td><td><p><a href=\"https:\/\/salut360.com\/\"><span style=\"font-weight: 400;\">NID<\/span><\/a><\/p><\/td><td><p><a href=\"https:\/\/salut360.com\/\"><span style=\"font-weight: 400;\">Se utiliza para mostrar anuncios de Google en los servicios de Google a los usuarios que no tengan la sesi\u00f3n iniciada.<\/span><\/a><\/p><\/td><td><p><a href=\"https:\/\/salut360.com\/\"><span style=\"font-weight: 400;\">6 meses<\/span><\/a><\/p><\/td><\/tr><tr><td><p><a href=\"https:\/\/salut360.com\/\"><strong>https:\/\/salut360.com\/<\/strong><\/a><\/p><\/td><td><p><a href=\"https:\/\/salut360.com\/\"><span style=\"font-weight: 400;\">PHPSESSID<\/span><\/a><\/p><\/td><td><p><a href=\"https:\/\/salut360.com\/\"><span style=\"font-weight: 400;\">A trav\u00e9s del contenido de esta cookie el servidor identifica el espacio en el que est\u00e1n almacenados todos los contenidos de la sesi\u00f3n.<\/span><\/a><\/p><\/td><td><p><a href=\"https:\/\/salut360.com\/\"><span style=\"font-weight: 400;\">Cuando se cierra la web<\/span><\/a><\/p><\/td><\/tr><tr><td><p><a href=\"https:\/\/salut360.com\/\"><strong>https:\/\/salut360.com\/<\/strong><\/a><\/p><\/td><td><p><a href=\"https:\/\/salut360.com\/\"><span style=\"font-weight: 400;\">sbjs_current,<\/span><\/a><\/p><\/td><td><p><a href=\"https:\/\/salut360.com\/\"><span style=\"font-weight: 400;\">Recopila datos sobre el comportamiento y la interacci\u00f3n del usuario para optimizar el sitio web y hacer que la publicidad en el sitio sea m\u00e1s relevante.<\/span><\/a><\/p><\/td><td><p><a href=\"https:\/\/salut360.com\/\"><span style=\"font-weight: 400;\">La sessi\u00f3n<\/span><\/a><\/p><\/td><\/tr><tr><td><p><a href=\"https:\/\/salut360.com\/\"><strong>https:\/\/salut360.com\/<\/strong><\/a><\/p><\/td><td><p><span style=\"font-weight: 400;\">sbjs_first_add<\/span><\/p><\/td><td><p><span style=\"font-weight: 400;\">Estas cookies se utilizan para proporcionar informaci\u00f3n estad\u00edstica sobre nuestro sitio web, se utilizan para medir y mejorar el rendimiento.<\/span><\/p><\/td><td><p><span style=\"font-weight: 400;\">La sessi\u00f3n<\/span><\/p><\/td><\/tr><tr><td><p><strong><a href=\"https:\/\/salut360.com\/\">https:\/\/salut360.com\/<\/a><\/strong><\/p><\/td><td><p><span style=\"font-weight: 400;\">sbjs_current_add <\/span><\/p><\/td><td><p><span style=\"font-weight: 400;\">Recopila datos sobre el comportamiento y la interacci\u00f3n del usuario para optimizar el sitio web y hacer que la publicidad en el sitio sea m\u00e1s relevante.<\/span><\/p><\/td><td><p><span style=\"font-weight: 400;\">La sessi\u00f3n<\/span><\/p><\/td><\/tr><tr><td><p><strong><a href=\"https:\/\/salut360.com\/\">https:\/\/salut360.com\/<\/a><\/strong><\/p><\/td><td><p><span style=\"font-weight: 400;\">sbjs_first<\/span><\/p><\/td><td><p><span style=\"font-weight: 400;\">Estas cookies se utilizan para proporcionar informaci\u00f3n estad\u00edstica sobre nuestro sitio web, se utilizan para medir y mejorar el rendimiento.<\/span><\/p><\/td><td><p><span style=\"font-weight: 400;\">La sessi\u00f3n<\/span><\/p><\/td><\/tr><tr><td><p><strong><a href=\"https:\/\/salut360.com\/\">https:\/\/salut360.com\/<\/a><\/strong><\/p><\/td><td><p><span style=\"font-weight: 400;\">sbjs_migrations<\/span><\/p><\/td><td><p><span style=\"font-weight: 400;\">Estas cookies se utilizan para proporcionar informaci\u00f3n estad\u00edstica sobre nuestro sitio web, se utilizan para medir y mejorar el rendimiento.<\/span><\/p><\/td><td><p><span style=\"font-weight: 400;\">La sessi\u00f3n<\/span><\/p><\/td><\/tr><tr><td><p><strong><a href=\"https:\/\/salut360.com\/\">https:\/\/salut360.com\/<\/a><\/strong><\/p><\/td><td><p><span style=\"font-weight: 400;\">sbjs_session<\/span><\/p><\/td><td><p><span style=\"font-weight: 400;\">Estas cookies se utilizan para proporcionar informaci\u00f3n estad\u00edstica sobre nuestro sitio web, se utilizan para medir y mejorar el rendimiento.<\/span><\/p><\/td><td><p><span style=\"font-weight: 400;\">30 minutos<\/span><\/p><\/td><\/tr><tr><td><p><strong><a href=\"https:\/\/salut360.com\/\">https:\/\/salut360.com\/<\/a><\/strong><\/p><\/td><td><p><span style=\"font-weight: 400;\">sbjs_udata<\/span><\/p><\/td><td><p><span style=\"font-weight: 400;\">Esta cookie recopila datos sobre el comportamiento del usuario para optimizar el sitio web y hacer que la publicidad en el sitio sea m\u00e1s relevante.<\/span><\/p><\/td><td><p><span style=\"font-weight: 400;\">La sessi\u00f3n<\/span><\/p><\/td><\/tr><tr><td><p><strong><a href=\"https:\/\/salut360.com\/\">https:\/\/salut360.com\/<\/a><\/strong><\/p><\/td><td><p><span style=\"font-weight: 400;\">SOCS<\/span><\/p><\/td><td><p><span style=\"font-weight: 400;\">Se utiliza para almacenar el estado de un usuario en relaci\u00f3n a sus elecciones de cookies.<\/span><\/p><\/td><td><p><span style=\"font-weight: 400;\">13 meses<\/span><\/p><\/td><\/tr><tr><td><p><strong><a href=\"https:\/\/salut360.com\/\">https:\/\/salut360.com\/<\/a><\/strong><\/p><\/td><td><p><span style=\"font-weight: 400;\">wp-wpml_current_language<\/span><\/p><\/td><td><p><span style=\"font-weight: 400;\">Almacena el idioma actual. Esta cookie s\u00f3lo est\u00e1 configurada por usuarios registrados.<\/span><\/p><\/td><td><p><span style=\"font-weight: 400;\">1 d\u00eda<\/span><\/p><\/td><\/tr><\/tbody><\/table><h3>\u00bfC\u00f3mo desactivar cookies?<\/h3><p><span style=\"font-weight: 400;\">Puede permitir, bloquear o eliminar las cookies instaladas en su equipo mediante la configuraci\u00f3n de las opciones del navegador en su ordenador.<\/span><\/p><ul><li style=\"font-weight: 400;\" aria-level=\"1\"><span style=\"font-weight: 400;\">Firefox: <\/span><a href=\"https:\/\/support.mozilla.org\/es\/kb\/habilitar-y-deshabilitar-cookies-sitios-web-rastrear-preferencias?redirectlocale=es&amp;redirectslug=habilitar-y-deshabilitar-cookies-que-los-sitios-we\"><span style=\"font-weight: 400;\">https:\/\/support.mozilla.org\/es\/kb\/habilitar-y-deshabilitar-cookies-sitios-web-rastrear-preferencias?redirectlocale=es&amp;redirectslug=habilitar-y-deshabilitar-cookies-que-los-sitios-we<\/span><\/a><\/li><\/ul><ul><li style=\"font-weight: 400;\" aria-level=\"1\"><span style=\"font-weight: 400;\">Chrome: <\/span><a href=\"https:\/\/support.google.com\/chrome\/answer\/95647?hl=es\"><span style=\"font-weight: 400;\">https:\/\/support.google.com\/chrome\/answer\/95647?hl=es<\/span><\/a><\/li><\/ul><ul><li style=\"font-weight: 400;\" aria-level=\"1\"><span style=\"font-weight: 400;\">Internet Explorer: <\/span><a href=\"https:\/\/support.microsoft.com\/es-es\/products\/windows?os=windows-10\"><span style=\"font-weight: 400;\">https:\/\/support.microsoft.com\/es-es\/products\/windows?os=windows-10<\/span><\/a><\/li><\/ul><ul><li style=\"font-weight: 400;\" aria-level=\"1\"><span style=\"font-weight: 400;\">Safari: <\/span><a href=\"https:\/\/support.apple.com\/kb\/ph5042?locale=es_ES\"><span style=\"font-weight: 400;\">https:\/\/support.apple.com\/kb\/ph5042?locale=es_ES<\/span><\/a><\/li><\/ul><ul><li style=\"font-weight: 400;\" aria-level=\"1\"><span style=\"font-weight: 400;\">Safari para iOS:<\/span> <a href=\"https:\/\/support.apple.com\/es-es\/HT201265\"><span style=\"font-weight: 400;\">https:\/\/support.apple.com\/es-es\/HT201265<\/span><\/a><\/li><\/ul><ul><li style=\"font-weight: 400;\" aria-level=\"1\"><span style=\"font-weight: 400;\">Opera: <\/span><a href=\"http:\/\/help.opera.com\/Windows\/11.50\/es-ES\/cookies.html\"><span style=\"font-weight: 400;\">http:\/\/help.opera.com\/Windows\/11.50\/es-ES\/cookies.html<\/span><\/a><\/li><\/ul><h3>Ejercicio de derechos<\/h3><p><span style=\"font-weight: 400;\">Puede conocer y ejercer sus derechos en materia de protecci\u00f3n de datos accediendo a nuestra pol\u00edtica de privacidad <\/span><strong><a title=\"Pol\u00edtica de Privacidad\" href=\"https:\/\/salut360.com\/es\/politica-de-privacidad\/\">https:\/\/salut360.com\/es\/politica-de-privacidad\/<\/a><\/strong><\/p><h3>Informaci\u00f3n adicional<\/h3><p><span style=\"font-weight: 400;\">Puede consultar m\u00e1s informaci\u00f3n en la gu\u00eda sobre el uso de las cookies editada por el AGPD en: <\/span><strong><a href=\"https:\/\/www.aepd.es\/es\/documento\/guia-cookies.pdf\">https:\/\/www.aepd.es\/es\/documento\/guia-cookies.pdf<\/a><\/strong><\/p>\t\t\t\t\t\t\t\t<\/div>\n\t\t\t\t<\/div>\n\t\t\t\t\t<\/div>\n\t\t<\/div>\n\t\t\t\t\t<\/div>\n\t\t<\/section>\n\t\t\t\t<\/div>\n\t\t","protected":false},"excerpt":{"rendered":"<p>Pol\u00edtica de cookies Actualizado en febrero de 2023. El sitio web https:\/\/salut360.com\/ es responsabilidad de SALUT 360 QUIRO, S.L. (en adelanteSALUT 360), con domicilio social C\/Sant Sebasti\u00e0, 69 &#8211; 17200 &#8211; PALAFRUGELL (Girona) , amb CIF n\u00ba B55362446 y correo electr\u00f3nico: info@salut360.com Consecuentemente, la utilizaci\u00f3n de cookies se le aplica la presente \u00abPol\u00edtica de Uso&hellip;<\/p>\n","protected":false},"author":2,"featured_media":4779,"parent":0,"menu_order":0,"comment_status":"closed","ping_status":"closed","template":"","meta":{"footnotes":""},"class_list":["post-4845","page","type-page","status-publish","has-post-thumbnail","hentry"],"acf":[],"aioseo_notices":[],"_links":{"self":[{"href":"https:\/\/salut360.com\/es\/wp-json\/wp\/v2\/pages\/4845","targetHints":{"allow":["GET"]}}],"collection":[{"href":"https:\/\/salut360.com\/es\/wp-json\/wp\/v2\/pages"}],"about":[{"href":"https:\/\/salut360.com\/es\/wp-json\/wp\/v2\/types\/page"}],"author":[{"embeddable":true,"href":"https:\/\/salut360.com\/es\/wp-json\/wp\/v2\/users\/2"}],"replies":[{"embeddable":true,"href":"https:\/\/salut360.com\/es\/wp-json\/wp\/v2\/comments?post=4845"}],"version-history":[{"count":0,"href":"https:\/\/salut360.com\/es\/wp-json\/wp\/v2\/pages\/4845\/revisions"}],"wp:featuredmedia":[{"embeddable":true,"href":"https:\/\/salut360.com\/es\/wp-json\/wp\/v2\/media\/4779"}],"wp:attachment":[{"href":"https:\/\/salut360.com\/es\/wp-json\/wp\/v2\/media?parent=4845"}],"curies":[{"name":"wp","href":"https:\/\/api.w.org\/{rel}","templated":true}]}}